{"id":1516,"date":"2025-12-03T12:15:14","date_gmt":"2025-12-03T12:15:14","guid":{"rendered":"https:\/\/kardio.pro\/?page_id=1516"},"modified":"2026-01-17T13:28:11","modified_gmt":"2026-01-17T13:28:11","slug":"%d8%a8%d8%b5%d9%85%d8%a9","status":"publish","type":"page","link":"https:\/\/kardio.pro\/ar\/%d8%a8%d8%b5%d9%85%d8%a9\/","title":{"rendered":"\u0628\u0635\u0645\u0629"},"content":{"rendered":"<div data-elementor-type=\"wp-page\" data-elementor-id=\"1516\" class=\"elementor elementor-1516\" data-elementor-post-type=\"page\">\n\t\t\t\t\t\t<section class=\"elementor-section elementor-top-section elementor-element elementor-element-16fbc9f7 elementor-section-boxed elementor-section-height-default elementor-section-height-default\" data-id=\"16fbc9f7\" data-element_type=\"section\" data-settings=\"{&quot;background_background&quot;:&quot;classic&quot;}\">\n\t\t\t\t\t\t\t<div class=\"elementor-background-overlay\"><\/div>\n\t\t\t\t\t\t\t<div class=\"elementor-container elementor-column-gap-default\">\n\t\t\t\t\t<div class=\"elementor-column elementor-col-100 elementor-top-column elementor-element elementor-element-398712fa\" data-id=\"398712fa\" data-element_type=\"column\">\n\t\t\t<div class=\"elementor-widget-wrap elementor-element-populated\">\n\t\t\t\t\t\t<section class=\"elementor-section elementor-inner-section elementor-element elementor-element-3ac9e257 elementor-section-boxed elementor-section-height-default elementor-section-height-default\" data-id=\"3ac9e257\" data-element_type=\"section\">\n\t\t\t\t\t\t<div class=\"elementor-container elementor-column-gap-default\">\n\t\t\t\t\t<div class=\"elementor-column elementor-col-100 elementor-inner-column elementor-element elementor-element-73a270ad\" data-id=\"73a270ad\" data-element_type=\"column\">\n\t\t\t<div class=\"elementor-widget-wrap elementor-element-populated\">\n\t\t\t\t\t\t<div class=\"elementor-element elementor-element-4c5ce320 elementor-invisible elementor-widget elementor-widget-heading\" data-id=\"4c5ce320\" data-element_type=\"widget\" data-settings=\"{&quot;_animation&quot;:&quot;fadeInUp&quot;}\" data-widget_type=\"heading.default\">\n\t\t\t\t\t<h6 class=\"elementor-heading-title elementor-size-default\">Cardio.pro<\/h6>\t\t\t\t<\/div>\n\t\t\t\t<div class=\"elementor-element elementor-element-544d116e elementor-invisible elementor-widget elementor-widget-heading\" data-id=\"544d116e\" data-element_type=\"widget\" data-settings=\"{&quot;_animation&quot;:&quot;fadeInUp&quot;,&quot;_animation_delay&quot;:200}\" data-widget_type=\"heading.default\">\n\t\t\t\t\t<h1 class=\"elementor-heading-title elementor-size-default\">\u0628\u0635\u0645\u0629<\/h1>\t\t\t\t<\/div>\n\t\t\t\t\t<\/div>\n\t\t<\/div>\n\t\t\t\t\t<\/div>\n\t\t<\/section>\n\t\t\t\t\t<\/div>\n\t\t<\/div>\n\t\t\t\t\t<\/div>\n\t\t<\/section>\n\t\t\t\t<section class=\"elementor-section elementor-top-section elementor-element elementor-element-572f2619 elementor-section-boxed elementor-section-height-default elementor-section-height-default\" data-id=\"572f2619\" data-element_type=\"section\" data-settings=\"{&quot;background_background&quot;:&quot;classic&quot;}\">\n\t\t\t\t\t\t<div class=\"elementor-container elementor-column-gap-default\">\n\t\t\t\t\t<div class=\"elementor-column elementor-col-100 elementor-top-column elementor-element elementor-element-507e42bf elementor-invisible\" data-id=\"507e42bf\" data-element_type=\"column\" data-settings=\"{&quot;background_background&quot;:&quot;classic&quot;,&quot;animation&quot;:&quot;zoomIn&quot;}\">\n\t\t\t<div class=\"elementor-widget-wrap elementor-element-populated\">\n\t\t\t\t\t\t<section class=\"elementor-section elementor-inner-section elementor-element elementor-element-69678b98 elementor-section-boxed elementor-section-height-default elementor-section-height-default\" data-id=\"69678b98\" data-element_type=\"section\">\n\t\t\t\t\t\t<div class=\"elementor-container elementor-column-gap-default\">\n\t\t\t\t\t<div class=\"elementor-column elementor-col-100 elementor-inner-column elementor-element elementor-element-206b128\" data-id=\"206b128\" data-element_type=\"column\">\n\t\t\t<div class=\"elementor-widget-wrap elementor-element-populated\">\n\t\t\t\t\t\t<div class=\"elementor-element elementor-element-36493a8 elementor-widget elementor-widget-text-editor\" data-id=\"36493a8\" data-element_type=\"widget\" data-widget_type=\"text-editor.default\">\n\t\t\t\t\t\t\t\t\t<div id=\"model-response-message-contentr_256da695ae3429c8\" class=\"markdown markdown-main-panel stronger enable-updated-hr-color\" dir=\"ltr\" aria-live=\"polite\" aria-busy=\"false\"><h2 data-path-to-node=\"3\">\u062a\u0641\u0627\u0635\u064a\u0644 \u0645\u0632\u0648\u062f \u0627\u0644\u062e\u062f\u0645\u0629<\/h2><p>\u0627\u0633\u0645 \u0627\u0644\u0645\u0645\u0627\u0631\u0633\u0629: \u0643\u0627\u0631\u062f\u064a\u0648 \u0628\u0631\u0648<\/p><p>\u0627\u0644\u0645\u0627\u0644\u0643 \u0648\u0627\u0644\u0634\u062e\u0635 \u0627\u0644\u0645\u0633\u0624\u0648\u0644: PD \u062f. \u062f. \u0631\u0627\u0641\u0627\u0626\u064a\u0644 \u0631. \u0628\u0631\u0648\u0646\u0648<\/p><p>\u0645\u062c\u0627\u0644 \u0627\u0644\u0646\u0634\u0627\u0637: \u0627\u0644\u0645\u0645\u0627\u0631\u0633\u0629 \u0627\u0644\u0637\u0628\u064a\u0629 \u0627\u0644\u062e\u0627\u0635\u0629 \u0644\u0623\u0645\u0631\u0627\u0636 \u0627\u0644\u0642\u0644\u0628 \u0648\u0627\u0644\u0637\u0628 \u0627\u0644\u0628\u0627\u0637\u0646\u064a \u0648\u0627\u0644\u0637\u0628 \u0627\u0644\u0631\u064a\u0627\u0636\u064a \u0648\u0623\u0645\u0631\u0627\u0636 \u0627\u0644\u0642\u0644\u0628 \u0627\u0644\u0631\u064a\u0627\u0636\u064a\u0629<\/p><p>\u0627\u0644\u0639\u0646\u0648\u0627\u0646:<\/p><p>\u0641\u064a \u0633\u062a\u0627\u0644\u0647\u0648\u0641 \u0627\u0644\u062c\u062f\u064a\u062f\u0629<\/p><p>\u0634\u0627\u0631\u0639 \u0628\u0631\u0627\u064a\u062a \u0634\u062a\u0631\u0627\u0633\u0647 69<\/p><p>40213 \u062f\u0648\u0633\u0644\u062f\u0648\u0631\u0641<\/p><h2 data-path-to-node=\"6\">\u0627\u062a\u0635\u0644 \u0628\u0646\u0627<\/h2><p>\u0627\u0644\u0647\u0627\u062a\u0641: 0211 54 54 55 55 66 46<\/p><p>\u0641\u0627\u0643\u0633: 0211 54 54 55 55 66 49<\/p><p>\u0627\u0644\u0628\u0631\u064a\u062f \u0627\u0644\u0625\u0644\u0643\u062a\u0631\u0648\u0646\u064a: praxis@kardio.pro<\/p><h2 data-path-to-node=\"8\">\u0627\u0644\u0645\u0633\u0645\u0649 \u0627\u0644\u0648\u0638\u064a\u0641\u064a \u0648\u0627\u0644\u0644\u0648\u0627\u0626\u062d \u0627\u0644\u0645\u0647\u0646\u064a\u0629<\/h2><div class=\"horizontal-scroll-wrapper\"><table data-path-to-node=\"9\"><thead><tr><td><strong>\u0627\u0644\u062a\u0641\u0627\u0635\u064a\u0644<\/strong><\/td><td><strong>\u0627\u0644\u0645\u0648\u0627\u0635\u0641\u0627\u062a<\/strong><\/td><\/tr><\/thead><tbody><tr><td><span data-path-to-node=\"9,1,0,0\"><b>\u0627\u0644\u0645\u0633\u0645\u0649 \u0627\u0644\u0648\u0638\u064a\u0641\u064a:<\/b><\/span><\/td><td><span data-path-to-node=\"9,1,1,0\">\u0637\u0628\u064a\u0628\u060c \u0645\u062a\u062e\u0635\u0635 \u0641\u064a \u0627\u0644\u0637\u0628 \u0627\u0644\u0628\u0627\u0637\u0646\u064a \u0648\u0623\u0645\u0631\u0627\u0636 \u0627\u0644\u0642\u0644\u0628<\/span><\/td><\/tr><tr><td><span data-path-to-node=\"9,2,0,0\"><b>\u0627\u0644\u063a\u0631\u0641\u0629 \u0627\u0644\u0645\u062e\u062a\u0635\u0629<\/b><\/span><\/td><td><span data-path-to-node=\"9,2,1,0\">\u062c\u0645\u0639\u064a\u0629 \u0634\u0645\u0627\u0644 \u0627\u0644\u0631\u0627\u064a\u0646 \u0627\u0644\u0637\u0628\u064a\u0629<\/span><\/td><\/tr><tr><td><span data-path-to-node=\"9,3,0,0\"><b>\u0627\u0644\u0644\u0642\u0628 \u0627\u0644\u0645\u0647\u0646\u064a \u0627\u0644\u0645\u0645\u0646\u0648\u062d \u0641\u064a:<\/b><\/span><\/td><td><span data-path-to-node=\"9,3,1,0\">\u0634\u0645\u0627\u0644 \u0627\u0644\u0631\u0627\u064a\u0646-\u0648\u064a\u0633\u062a\u0641\u0627\u0644\u064a\u0627 (\u0623\u0644\u0645\u0627\u0646\u064a\u0627)<\/span><\/td><\/tr><tr><td><span data-path-to-node=\"9,4,0,0\"><b>\u0627\u0644\u0644\u0648\u0627\u0626\u062d:<\/b><\/span><\/td><td><span data-path-to-node=\"9,4,1,0\">\u062a\u0646\u0637\u0628\u0642 \u0645\u062f\u0648\u0646\u0629 \u0642\u0648\u0627\u0639\u062f \u0627\u0644\u0633\u0644\u0648\u0643 \u0627\u0644\u0645\u0647\u0646\u064a \u0627\u0644\u0645\u0639\u0645\u0648\u0644 \u0628\u0647\u0627 \u062d\u0627\u0644\u064a\u064b\u0627 \u0644\u0644\u0623\u0637\u0628\u0627\u0621 \u0641\u064a \u0634\u0645\u0627\u0644 \u0627\u0644\u0631\u0627\u064a\u0646 - \u0648\u0633\u062a\u0641\u0627\u0644\u064a\u0627 \u0648\u062c\u0645\u064a\u0639 \u0627\u0644\u0623\u062d\u0643\u0627\u0645 \u0627\u0644\u0642\u0627\u0646\u0648\u0646\u064a\u0629 \u0627\u0644\u0623\u062e\u0631\u0649.<\/span><\/td><\/tr><tr><td><span data-path-to-node=\"9,5,0,0\"><b>\u064a\u0645\u0643\u0646 \u0627\u0644\u0627\u0637\u0644\u0627\u0639 \u0639\u0644\u0649 \u0627\u0644\u0644\u0648\u0627\u0626\u062d \u0639\u0644\u0649:<\/b><\/span><\/td><td><span data-path-to-node=\"9,5,1,0\"><a class=\"ng-star-inserted\" href=\"https:\/\/www.aekno.de\/aerzte\/berufsordnung\" target=\"_blank\" rel=\"noopener\">https:\/\/www.aekno.de\/aerzte\/berufsordnung<\/a><\/span><\/td><\/tr><\/tbody><\/table><\/div><h2 data-path-to-node=\"10\">\u0627\u0644\u0633\u0644\u0637\u0629 \u0627\u0644\u0625\u0634\u0631\u0627\u0641\u064a\u0629<\/h2><p>\u062c\u0645\u0639\u064a\u0629 \u0634\u0645\u0627\u0644 \u0627\u0644\u0631\u0627\u064a\u0646 \u0627\u0644\u0637\u0628\u064a\u0629<\/p><p>\u062a\u064a\u0631\u0633\u062a\u064a\u062c\u0646\u0633\u062a\u0631 9<\/p><p>40474 40474 \u062f\u0648\u0633\u0644\u062f\u0648\u0631\u0641<\/p><p>\u0647\u0627\u062a\u0641: 0211 4 30 20 0211<\/p><p>\u0631\u0642\u0645 \u0627\u0644\u0641\u0627\u0643\u0633: 0211 4302 2009<\/p><p>\u0627\u0644\u0628\u0631\u064a\u062f \u0627\u0644\u0625\u0644\u0643\u062a\u0631\u0648\u0646\u064a: aerztekammer@aekno.de<\/p><p>\u0627\u0644\u0645\u0648\u0642\u0639 \u0627\u0644\u0625\u0644\u0643\u062a\u0631\u0648\u0646\u064a: https:\/\/www.aekno.de<\/p><h2 data-path-to-node=\"12\">\u0645\u0639\u0644\u0648\u0645\u0627\u062a \u0639\u0646 \u062a\u0623\u0645\u064a\u0646 \u0627\u0644\u062a\u0639\u0648\u064a\u0636 \u0627\u0644\u0645\u0647\u0646\u064a<\/h2><p>\u0627\u0633\u0645 \u0634\u0631\u0643\u0629 \u0627\u0644\u062a\u0623\u0645\u064a\u0646 \u0648\u0645\u0643\u062a\u0628\u0647\u0627 \u0627\u0644\u0645\u0633\u062c\u0644:<\/p><p>Ergo Versicherungs AG D\u00fcsseldorf, ERGO-Platz 1, 40477 D\u00fcsseldorf, Germany<\/p><h2 data-path-to-node=\"15\">\u0627\u0644\u0645\u0639\u0644\u0648\u0645\u0627\u062a \u0627\u0644\u0642\u0627\u0646\u0648\u0646\u064a\u0629<\/h2><h3 data-path-to-node=\"16\">\u0645\u0631\u0643\u0632 \u062a\u0633\u0648\u064a\u0629 \u0645\u0646\u0627\u0632\u0639\u0627\u062a \u0627\u0644\u0645\u0633\u062a\u0647\u0644\u0643\u064a\u0646\/\u0645\u0631\u0643\u0632 \u0627\u0644\u062a\u062d\u0643\u064a\u0645 \u0627\u0644\u0639\u0627\u0644\u0645\u064a<\/h3><p data-path-to-node=\"17\">\u0646\u062d\u0646 \u063a\u064a\u0631 \u0645\u0633\u062a\u0639\u062f\u064a\u0646 \u0623\u0648 \u0645\u0644\u0632\u0645\u064a\u0646 \u0628\u0627\u0644\u0645\u0634\u0627\u0631\u0643\u0629 \u0641\u064a \u0625\u062c\u0631\u0627\u0621\u0627\u062a \u062a\u0633\u0648\u064a\u0629 \u0627\u0644\u0645\u0646\u0627\u0632\u0639\u0627\u062a \u0623\u0645\u0627\u0645 \u0647\u064a\u0626\u0629 \u062a\u062d\u0643\u064a\u0645 \u0627\u0644\u0645\u0633\u062a\u0647\u0644\u0643\u064a\u0646.<\/p><h3 data-path-to-node=\"18\">\u0627\u0644\u0645\u0633\u0624\u0648\u0644\u064a\u0629 \u0639\u0646 \u0627\u0644\u0645\u062d\u062a\u0648\u0649<\/h3><p data-path-to-node=\"19\">\u0628\u0635\u0641\u062a\u0646\u0627 \u0645\u0642\u062f\u0645 \u062e\u062f\u0645\u0629\u060c \u0646\u062d\u0646 \u0645\u0644\u0632\u0645\u0648\u0646 \u0628\u0645\u0627 \u064a\u0644\u064a <span class=\"math-inline\" data-math=\"\\S\">$\\S$<\/span> 7 Abs. 1 TMG \u0644\u0645\u062d\u062a\u0648\u064a\u0627\u062a \u0647\u0630\u0647 \u0627\u0644\u0635\u0641\u062d\u0627\u062a \u0627\u0644\u062e\u0627\u0635\u0629 \u0648\u0641\u0642\u064b\u0627 \u0644\u0644\u0642\u0648\u0627\u0646\u064a\u0646 \u0627\u0644\u0639\u0627\u0645\u0629. \u0648\u0641\u0642\u064b\u0627 \u0644\u0640 <span class=\"math-inline\" data-math=\"\\S\\S\">$\\S\\S$<\/span> \u0648\u0645\u0639 \u0630\u0644\u0643\u060c \u0648\u0648\u0641\u0642\u064b\u0627 \u0644\u0644\u0641\u0642\u0631\u0627\u062a \u0645\u0646 8 \u0625\u0644\u0649 10 \u0645\u0646 \u0642\u0627\u0646\u0648\u0646 \u062d\u0645\u0627\u064a\u0629 \u0627\u0644\u0628\u064a\u0627\u0646\u0627\u062a \u0627\u0644\u0634\u062e\u0635\u064a\u0629 TMG\u060c \u0644\u0633\u0646\u0627 \u0645\u0644\u0632\u0645\u064a\u0646 \u0643\u0645\u0642\u062f\u0645 \u062e\u062f\u0645\u0629 \u0628\u0645\u0631\u0627\u0642\u0628\u0629 \u0645\u0639\u0644\u0648\u0645\u0627\u062a \u0627\u0644\u0637\u0631\u0641 \u0627\u0644\u062b\u0627\u0644\u062b \u0627\u0644\u0645\u0631\u0633\u0644\u0629 \u0623\u0648 \u0627\u0644\u0645\u062e\u0632\u0646\u0629. \u062a\u0638\u0644 \u0627\u0644\u062a\u0632\u0627\u0645\u0627\u062a \u0625\u0632\u0627\u0644\u0629 \u0623\u0648 \u062d\u0638\u0631 \u0627\u0633\u062a\u062e\u062f\u0627\u0645 \u0627\u0644\u0645\u0639\u0644\u0648\u0645\u0627\u062a \u0648\u0641\u0642\u064b\u0627 \u0644\u0644\u062a\u0634\u0631\u064a\u0639\u0627\u062a \u0627\u0644\u0639\u0627\u0645\u0629 \u063a\u064a\u0631 \u0645\u062a\u0623\u062b\u0631\u0629 \u0628\u0630\u0644\u0643.<\/p><h3 data-path-to-node=\"20\">\u0627\u0644\u0645\u0633\u0624\u0648\u0644\u064a\u0629 \u0639\u0646 \u0627\u0644\u0631\u0648\u0627\u0628\u0637<\/h3><p data-path-to-node=\"21\">\u064a\u062d\u062a\u0648\u064a \u0645\u0648\u0642\u0639\u0646\u0627 \u0639\u0644\u0649 \u0631\u0648\u0627\u0628\u0637 \u0644\u0645\u0648\u0627\u0642\u0639 \u0625\u0644\u0643\u062a\u0631\u0648\u0646\u064a\u0629 \u062e\u0627\u0631\u062c\u064a\u0629 \u0644\u0623\u0637\u0631\u0627\u0641 \u062b\u0627\u0644\u062b\u0629. \u0644\u0627 \u064a\u0645\u0643\u0646\u0646\u0627 \u0642\u0628\u0648\u0644 \u0623\u064a \u0645\u0633\u0624\u0648\u0644\u064a\u0629 \u0639\u0646 \u0645\u062d\u062a\u0648\u0649 \u0627\u0644\u0637\u0631\u0641 \u0627\u0644\u062b\u0627\u0644\u062b \u0647\u0630\u0627\u060c \u062d\u064a\u062b \u0623\u0646 \u0645\u0632\u0648\u062f \u0623\u0648 \u0645\u0634\u063a\u0644 \u0627\u0644\u0635\u0641\u062d\u0627\u062a \u0627\u0644\u0645\u0639\u0646\u064a \u0647\u0648 \u0627\u0644\u0645\u0633\u0624\u0648\u0644 \u062f\u0627\u0626\u0645\u0627\u064b. \u0627\u0644\u0645\u0631\u0627\u0642\u0628\u0629 \u0627\u0644\u062f\u0627\u0626\u0645\u0629 \u0644\u0644\u0645\u062d\u062a\u0648\u0649 \u063a\u064a\u0631 \u0645\u0639\u0642\u0648\u0644\u0629 \u062f\u0648\u0646 \u0648\u062c\u0648\u062f \u062f\u0644\u064a\u0644 \u0645\u0644\u0645\u0648\u0633 \u0639\u0644\u0649 \u0648\u062c\u0648\u062f \u0627\u0646\u062a\u0647\u0627\u0643. \u0625\u0630\u0627 \u0639\u0644\u0645\u0646\u0627 \u0628\u0623\u064a \u0627\u0646\u062a\u0647\u0627\u0643\u0627\u062a \u0642\u0627\u0646\u0648\u0646\u064a\u0629\u060c \u0633\u0646\u0642\u0648\u0645 \u0628\u0625\u0632\u0627\u0644\u0629 \u0647\u0630\u0647 \u0627\u0644\u0631\u0648\u0627\u0628\u0637 \u0639\u0644\u0649 \u0627\u0644\u0641\u0648\u0631.<\/p><h3 data-path-to-node=\"22\">\u062d\u0642\u0648\u0642 \u0627\u0644\u0637\u0628\u0639 \u0648\u0627\u0644\u0646\u0634\u0631<\/h3><p data-path-to-node=\"23\">\u064a\u062e\u0636\u0639 \u0627\u0644\u0645\u062d\u062a\u0648\u0649 \u0648\u0627\u0644\u0623\u0639\u0645\u0627\u0644 \u0627\u0644\u062a\u064a \u0623\u0646\u0634\u0623\u0647\u0627 \u0645\u0634\u063a\u0644\u0648 \u0627\u0644\u0645\u0648\u0642\u0639 \u0639\u0644\u0649 \u0647\u0630\u0647 \u0627\u0644\u0635\u0641\u062d\u0627\u062a \u0644\u0642\u0627\u0646\u0648\u0646 \u062d\u0642\u0648\u0642 \u0627\u0644\u0646\u0634\u0631 \u0627\u0644\u0623\u0644\u0645\u0627\u0646\u064a. \u064a\u062a\u0637\u0644\u0628 \u0627\u0644\u0646\u0633\u062e \u0648\u0627\u0644\u0645\u0639\u0627\u0644\u062c\u0629 \u0648\u0627\u0644\u062a\u0648\u0632\u064a\u0639 \u0648\u0623\u064a \u0646\u0648\u0639 \u0645\u0646 \u0623\u0646\u0648\u0627\u0639 \u0627\u0644\u0627\u0633\u062a\u062e\u062f\u0627\u0645 \u062e\u0627\u0631\u062c \u062d\u062f\u0648\u062f \u0642\u0627\u0646\u0648\u0646 \u062d\u0642\u0648\u0642 \u0627\u0644\u0646\u0634\u0631 \u0645\u0648\u0627\u0641\u0642\u0629 \u062e\u0637\u064a\u0629 \u0645\u0646 \u0627\u0644\u0645\u0624\u0644\u0641 \u0623\u0648 \u0627\u0644\u0645\u0628\u062f\u0639 \u0627\u0644\u0645\u0639\u0646\u064a.<\/p><h2 data-path-to-node=\"24\">\u0623\u0631\u0635\u062f\u0629 \u0627\u0644\u0635\u0648\u0631<\/h2><ul data-path-to-node=\"25\"><li><p data-path-to-node=\"25,1,0\">\u0635\u0648\u0631 \u0639\u0645\u0644\u064a\u0629: \u062c\u0648\u0631\u062c \u0644\u0648\u0643\u0627\u0633<\/p><\/li><li><p data-path-to-node=\"25,2,0\">\u0635\u0648\u0631 \u0623\u062e\u0631\u0649: \u0623\u0646\u062f\u0631\u064a\u0627\u0633 \u0625\u0646\u062f\u064a\u0631\u0645\u0627\u0646<\/p><\/li><\/ul><\/div>\t\t\t\t\t\t\t\t<\/div>\n\t\t\t\t\t<\/div>\n\t\t<\/div>\n\t\t\t\t\t<\/div>\n\t\t<\/section>\n\t\t\t\t\t<\/div>\n\t\t<\/div>\n\t\t\t\t\t<\/div>\n\t\t<\/section>\n\t\t\t\t<\/div>","protected":false},"excerpt":{"rendered":"<p>Kardio.pro Impressum Angaben zum Diensteanbieter Praxisname: KardioPro Inhaber und Verantwortlicher: PD Dr. med. Raphael R. Bruno T\u00e4tigkeitsbereich: Privat\u00e4rztliche Praxis f\u00fcr Kardiologie, Innere Medizin, Sportmedizin und Sportkardiologie Adresse: Im Neuen Stahlhof Breite Stra\u00dfe 69 40213 D\u00fcsseldorf Kontakt Telefon: 0211 54 55 66 46 Telefax: 0211 54 55 66 49 E-Mail: praxis@kardio.pro Berufsbezeichnung und berufsrechtliche Regelungen Detail [&hellip;]<\/p>","protected":false},"author":2,"featured_media":2880,"parent":0,"menu_order":0,"comment_status":"closed","ping_status":"closed","template":"","meta":{"footnotes":""},"class_list":["post-1516","page","type-page","status-publish","has-post-thumbnail","hentry"],"aioseo_notices":[],"_links":{"self":[{"href":"https:\/\/kardio.pro\/ar\/wp-json\/wp\/v2\/pages\/1516","targetHints":{"allow":["GET"]}}],"collection":[{"href":"https:\/\/kardio.pro\/ar\/wp-json\/wp\/v2\/pages"}],"about":[{"href":"https:\/\/kardio.pro\/ar\/wp-json\/wp\/v2\/types\/page"}],"author":[{"embeddable":true,"href":"https:\/\/kardio.pro\/ar\/wp-json\/wp\/v2\/users\/2"}],"replies":[{"embeddable":true,"href":"https:\/\/kardio.pro\/ar\/wp-json\/wp\/v2\/comments?post=1516"}],"version-history":[{"count":16,"href":"https:\/\/kardio.pro\/ar\/wp-json\/wp\/v2\/pages\/1516\/revisions"}],"predecessor-version":[{"id":4066,"href":"https:\/\/kardio.pro\/ar\/wp-json\/wp\/v2\/pages\/1516\/revisions\/4066"}],"wp:featuredmedia":[{"embeddable":true,"href":"https:\/\/kardio.pro\/ar\/wp-json\/wp\/v2\/media\/2880"}],"wp:attachment":[{"href":"https:\/\/kardio.pro\/ar\/wp-json\/wp\/v2\/media?parent=1516"}],"curies":[{"name":"\u062f\u0628\u0644\u064a\u0648 \u0628\u064a","href":"https:\/\/api.w.org\/{rel}","templated":true}]}}