{"id":2869,"date":"2025-12-30T12:50:53","date_gmt":"2025-12-30T12:50:53","guid":{"rendered":"https:\/\/kardio.pro\/?page_id=2869"},"modified":"2025-12-30T17:31:35","modified_gmt":"2025-12-30T17:31:35","slug":"%d9%85%d8%b3%d8%b1%d8%af-%d8%a7%d9%84%d9%85%d8%b5%d8%b7%d9%84%d8%ad%d8%a7%d8%aa","status":"publish","type":"page","link":"https:\/\/kardio.pro\/ar\/%d9%85%d8%b3%d8%b1%d8%af-%d8%a7%d9%84%d9%85%d8%b5%d8%b7%d9%84%d8%ad%d8%a7%d8%aa\/","title":{"rendered":"\u0645\u0633\u0631\u062f \u0627\u0644\u0645\u0635\u0637\u0644\u062d\u0627\u062a"},"content":{"rendered":"<div data-elementor-type=\"wp-page\" data-elementor-id=\"2869\" class=\"elementor elementor-2869\" data-elementor-post-type=\"page\">\n\t\t\t\t\t\t<section class=\"elementor-section elementor-top-section elementor-element elementor-element-7d2d2e0d elementor-section-boxed elementor-section-height-default elementor-section-height-default\" data-id=\"7d2d2e0d\" data-element_type=\"section\" data-settings=\"{&quot;background_background&quot;:&quot;classic&quot;}\">\n\t\t\t\t\t\t\t<div class=\"elementor-background-overlay\"><\/div>\n\t\t\t\t\t\t\t<div class=\"elementor-container elementor-column-gap-default\">\n\t\t\t\t\t<div class=\"elementor-column elementor-col-100 elementor-top-column elementor-element elementor-element-5d582372\" data-id=\"5d582372\" data-element_type=\"column\">\n\t\t\t<div class=\"elementor-widget-wrap elementor-element-populated\">\n\t\t\t\t\t\t<section class=\"elementor-section elementor-inner-section elementor-element elementor-element-3653820b elementor-section-boxed elementor-section-height-default elementor-section-height-default\" data-id=\"3653820b\" data-element_type=\"section\">\n\t\t\t\t\t\t<div class=\"elementor-container elementor-column-gap-default\">\n\t\t\t\t\t<div class=\"elementor-column elementor-col-100 elementor-inner-column elementor-element elementor-element-e77f93b\" data-id=\"e77f93b\" data-element_type=\"column\">\n\t\t\t<div class=\"elementor-widget-wrap elementor-element-populated\">\n\t\t\t\t\t\t<div class=\"elementor-element elementor-element-4b50e37 elementor-invisible elementor-widget elementor-widget-heading\" data-id=\"4b50e37\" data-element_type=\"widget\" data-settings=\"{&quot;_animation&quot;:&quot;fadeInUp&quot;}\" data-widget_type=\"heading.default\">\n\t\t\t\t\t<h1 class=\"elementor-heading-title elementor-size-default\">\u0645\u0633\u0631\u062f \u0645\u0635\u0637\u0644\u062d\u0627\u062a \u0623\u0645\u0631\u0627\u0636 \u0627\u0644\u0642\u0644\u0628<\/h1>\t\t\t\t<\/div>\n\t\t\t\t<div class=\"elementor-element elementor-element-4f175227 elementor-invisible elementor-widget elementor-widget-heading\" data-id=\"4f175227\" data-element_type=\"widget\" data-settings=\"{&quot;_animation&quot;:&quot;fadeInUp&quot;,&quot;_animation_delay&quot;:200}\" data-widget_type=\"heading.default\">\n\t\t\t\t\t<h4 class=\"elementor-heading-title elementor-size-default\">\u062a\u0639\u0631\u064a\u0641\u0627\u062a \u0648\u0634\u0631\u0648\u062d\u0627\u062a \u0627\u0644\u0645\u0635\u0637\u0644\u062d\u0627\u062a \u0627\u0644\u0637\u0628\u064a\u0629<\/h4>\t\t\t\t<\/div>\n\t\t\t\t\t<\/div>\n\t\t<\/div>\n\t\t\t\t\t<\/div>\n\t\t<\/section>\n\t\t\t\t\t<\/div>\n\t\t<\/div>\n\t\t\t\t\t<\/div>\n\t\t<\/section>\n\t\t\t\t<section class=\"elementor-section elementor-top-section elementor-element elementor-element-78d13b62 elementor-section-content-middle elementor-section-boxed elementor-section-height-default elementor-section-height-default\" data-id=\"78d13b62\" data-element_type=\"section\">\n\t\t\t\t\t\t<div class=\"elementor-container elementor-column-gap-default\">\n\t\t\t\t\t<div class=\"elementor-column elementor-col-100 elementor-top-column elementor-element elementor-element-1a02ba7c elementor-invisible\" data-id=\"1a02ba7c\" data-element_type=\"column\" data-settings=\"{&quot;animation&quot;:&quot;fadeInUp&quot;,&quot;animation_delay&quot;:200}\">\n\t\t\t<div class=\"elementor-widget-wrap elementor-element-populated\">\n\t\t\t\t\t\t<div class=\"elementor-element elementor-element-bf7279c elementor-widget elementor-widget-heading\" data-id=\"bf7279c\" data-element_type=\"widget\" data-widget_type=\"heading.default\">\n\t\t\t\t\t<h3 class=\"elementor-heading-title elementor-size-default\">\u0627\u0644\u062a\u0639\u0627\u0631\u064a\u0641<\/h3>\t\t\t\t<\/div>\n\t\t\t\t<div class=\"elementor-element elementor-element-20687908 elementor-widget elementor-widget-text-editor\" data-id=\"20687908\" data-element_type=\"widget\" data-widget_type=\"text-editor.default\">\n\t\t\t\t\t\t\t\t\t<p><style>\n  .kardio-link-list {<br \/>    list-style-type: none;<br \/>    padding: 0;<br \/>    margin: 0;<br \/>  }<br \/>  .kardio-link-list li {<br \/>    margin-bottom: 8px; \/* Abstand zwischen den Zeilen *\/<br \/>  }<br \/>  .kardio-link-list a {<br \/>    color: #333333; \/* Dunkles Grau *\/<br \/>    text-decoration: none;<br \/>    transition: color 0.3s ease; \/* Weicher \u00dcbergang beim Hovern *\/<br \/>    font-family: sans-serif; \/* Standard-Schriftart *\/<br \/>  }<br \/>  .kardio-link-list a:hover {<br \/>    color: #555555; \/* Ein Ticken helleres Grau beim Hovern *\/<br \/>  }<br \/><\/style><\/p><ul class=\"kardio-link-list\"><li><a href=\"https:\/\/kardio.pro\/ar\/%d8%aa%d8%ae%d8%b7%d9%8a%d8%b7-%d8%b5%d8%af%d9%89-%d8%a7%d9%84%d9%82%d9%84%d8%a8\/\">\u062a\u062e\u0637\u064a\u0637 \u0635\u062f\u0649 \u0627\u0644\u0642\u0644\u0628<\/a><\/li><li><a href=\"#\">\u062a\u062e\u0637\u064a\u0637 \u0643\u0647\u0631\u0628\u064a\u0629 \u0627\u0644\u0642\u0644\u0628 \u0623\u062b\u0646\u0627\u0621 \u0627\u0644\u062a\u0645\u0631\u064a\u0646<\/a><\/li><li><a href=\"#\">\u0627\u0644\u062a\u0647\u0627\u0628 \u0639\u0636\u0644\u0629 \u0627\u0644\u0642\u0644\u0628<\/a><\/li><li><a href=\"#\">\u0627\u0644\u0631\u062c\u0641\u0627\u0646 \u0627\u0644\u0623\u0630\u064a\u0646\u064a<\/a><\/li><li><a href=\"#\">\u0642\u0635\u0648\u0631 \u0627\u0644\u0642\u0644\u0628<\/a><\/li><li><a href=\"#\">\u0642\u064a\u0627\u0633 \u0627\u0644\u0633\u0628\u064a\u0631\u0648\u062c\u0631\u0648\u0645\u062a\u0631\u064a\u0629<\/a><\/li><li><a href=\"#\">\u0639\u0644\u0645 \u0627\u0644\u0634\u062d\u0648\u0645<\/a><\/li><li><a href=\"#\">\u0627\u0631\u062a\u0641\u0627\u0639 \u0636\u063a\u0637 \u0627\u0644\u062f\u0645<\/a><\/li><li><a href=\"#\">\u0648\u0642\u0627\u064a\u0629 \u0627\u0644\u0642\u0644\u0628 \u0648\u0627\u0644\u0623\u0648\u0639\u064a\u0629 \u0627\u0644\u062f\u0645\u0648\u064a\u0629<\/a><\/li><li><a href=\"#\">\u0637\u0628 \u0627\u0644\u0642\u0644\u0628 \u0627\u0644\u0631\u064a\u0627\u0636\u064a<\/a><\/li><\/ul>\t\t\t\t\t\t\t\t<\/div>\n\t\t\t\t\t<\/div>\n\t\t<\/div>\n\t\t\t\t\t<\/div>\n\t\t<\/section>\n\t\t\t\t<\/div>","protected":false},"excerpt":{"rendered":"<p>Kardiologie Glossar Definitionen &amp; Erkl\u00e4rungen von medizinischen Begriffen Definitionen Echokardiographie Belastungs-EKG Herzmuskelentz\u00fcndung Vorhofflimmern Herzinsuffizienz Spiroergometrie Lipidologie Hypertensiologie Kardiovaskul\u00e4re Vorsorge Sportkardiologie<\/p>","protected":false},"author":3,"featured_media":0,"parent":0,"menu_order":0,"comment_status":"closed","ping_status":"closed","template":"","meta":{"footnotes":""},"class_list":["post-2869","page","type-page","status-publish","hentry"],"aioseo_notices":[],"_links":{"self":[{"href":"https:\/\/kardio.pro\/ar\/wp-json\/wp\/v2\/pages\/2869","targetHints":{"allow":["GET"]}}],"collection":[{"href":"https:\/\/kardio.pro\/ar\/wp-json\/wp\/v2\/pages"}],"about":[{"href":"https:\/\/kardio.pro\/ar\/wp-json\/wp\/v2\/types\/page"}],"author":[{"embeddable":true,"href":"https:\/\/kardio.pro\/ar\/wp-json\/wp\/v2\/users\/3"}],"replies":[{"embeddable":true,"href":"https:\/\/kardio.pro\/ar\/wp-json\/wp\/v2\/comments?post=2869"}],"version-history":[{"count":20,"href":"https:\/\/kardio.pro\/ar\/wp-json\/wp\/v2\/pages\/2869\/revisions"}],"predecessor-version":[{"id":3259,"href":"https:\/\/kardio.pro\/ar\/wp-json\/wp\/v2\/pages\/2869\/revisions\/3259"}],"wp:attachment":[{"href":"https:\/\/kardio.pro\/ar\/wp-json\/wp\/v2\/media?parent=2869"}],"curies":[{"name":"\u062f\u0628\u0644\u064a\u0648 \u0628\u064a","href":"https:\/\/api.w.org\/{rel}","templated":true}]}}