{"id":1516,"date":"2025-12-03T12:15:14","date_gmt":"2025-12-03T12:15:14","guid":{"rendered":"https:\/\/kardio.pro\/?page_id=1516"},"modified":"2026-01-17T13:28:11","modified_gmt":"2026-01-17T13:28:11","slug":"imprint","status":"publish","type":"page","link":"https:\/\/kardio.pro\/en\/imprint\/","title":{"rendered":"Imprint"},"content":{"rendered":"<div data-elementor-type=\"wp-page\" data-elementor-id=\"1516\" class=\"elementor elementor-1516\" data-elementor-post-type=\"page\">\n\t\t\t\t\t\t<section class=\"elementor-section elementor-top-section elementor-element elementor-element-16fbc9f7 elementor-section-boxed elementor-section-height-default elementor-section-height-default\" data-id=\"16fbc9f7\" data-element_type=\"section\" data-settings=\"{&quot;background_background&quot;:&quot;classic&quot;}\">\n\t\t\t\t\t\t\t<div class=\"elementor-background-overlay\"><\/div>\n\t\t\t\t\t\t\t<div class=\"elementor-container elementor-column-gap-default\">\n\t\t\t\t\t<div class=\"elementor-column elementor-col-100 elementor-top-column elementor-element elementor-element-398712fa\" data-id=\"398712fa\" data-element_type=\"column\">\n\t\t\t<div class=\"elementor-widget-wrap elementor-element-populated\">\n\t\t\t\t\t\t<section class=\"elementor-section elementor-inner-section elementor-element elementor-element-3ac9e257 elementor-section-boxed elementor-section-height-default elementor-section-height-default\" data-id=\"3ac9e257\" data-element_type=\"section\">\n\t\t\t\t\t\t<div class=\"elementor-container elementor-column-gap-default\">\n\t\t\t\t\t<div class=\"elementor-column elementor-col-100 elementor-inner-column elementor-element elementor-element-73a270ad\" data-id=\"73a270ad\" data-element_type=\"column\">\n\t\t\t<div class=\"elementor-widget-wrap elementor-element-populated\">\n\t\t\t\t\t\t<div class=\"elementor-element elementor-element-4c5ce320 elementor-invisible elementor-widget elementor-widget-heading\" data-id=\"4c5ce320\" data-element_type=\"widget\" data-settings=\"{&quot;_animation&quot;:&quot;fadeInUp&quot;}\" data-widget_type=\"heading.default\">\n\t\t\t\t\t<h6 class=\"elementor-heading-title elementor-size-default\">Cardio.pro<\/h6>\t\t\t\t<\/div>\n\t\t\t\t<div class=\"elementor-element elementor-element-544d116e elementor-invisible elementor-widget elementor-widget-heading\" data-id=\"544d116e\" data-element_type=\"widget\" data-settings=\"{&quot;_animation&quot;:&quot;fadeInUp&quot;,&quot;_animation_delay&quot;:200}\" data-widget_type=\"heading.default\">\n\t\t\t\t\t<h1 class=\"elementor-heading-title elementor-size-default\">Imprint<\/h1>\t\t\t\t<\/div>\n\t\t\t\t\t<\/div>\n\t\t<\/div>\n\t\t\t\t\t<\/div>\n\t\t<\/section>\n\t\t\t\t\t<\/div>\n\t\t<\/div>\n\t\t\t\t\t<\/div>\n\t\t<\/section>\n\t\t\t\t<section class=\"elementor-section elementor-top-section elementor-element elementor-element-572f2619 elementor-section-boxed elementor-section-height-default elementor-section-height-default\" data-id=\"572f2619\" data-element_type=\"section\" data-settings=\"{&quot;background_background&quot;:&quot;classic&quot;}\">\n\t\t\t\t\t\t<div class=\"elementor-container elementor-column-gap-default\">\n\t\t\t\t\t<div class=\"elementor-column elementor-col-100 elementor-top-column elementor-element elementor-element-507e42bf elementor-invisible\" data-id=\"507e42bf\" data-element_type=\"column\" data-settings=\"{&quot;background_background&quot;:&quot;classic&quot;,&quot;animation&quot;:&quot;zoomIn&quot;}\">\n\t\t\t<div class=\"elementor-widget-wrap elementor-element-populated\">\n\t\t\t\t\t\t<section class=\"elementor-section elementor-inner-section elementor-element elementor-element-69678b98 elementor-section-boxed elementor-section-height-default elementor-section-height-default\" data-id=\"69678b98\" data-element_type=\"section\">\n\t\t\t\t\t\t<div class=\"elementor-container elementor-column-gap-default\">\n\t\t\t\t\t<div class=\"elementor-column elementor-col-100 elementor-inner-column elementor-element elementor-element-206b128\" data-id=\"206b128\" data-element_type=\"column\">\n\t\t\t<div class=\"elementor-widget-wrap elementor-element-populated\">\n\t\t\t\t\t\t<div class=\"elementor-element elementor-element-36493a8 elementor-widget elementor-widget-text-editor\" data-id=\"36493a8\" data-element_type=\"widget\" data-widget_type=\"text-editor.default\">\n\t\t\t\t\t\t\t\t\t<div id=\"model-response-message-contentr_256da695ae3429c8\" class=\"markdown markdown-main-panel stronger enable-updated-hr-color\" dir=\"ltr\" aria-live=\"polite\" aria-busy=\"false\"><h2 data-path-to-node=\"3\">Details of the service provider<\/h2><p>Practice name: KardioPro<\/p><p>Owner and responsible person: PD Dr. med. Raphael R. Bruno<\/p><p>Field of activity: Private medical practice for cardiology, internal medicine, sports medicine and sports cardiology<\/p><p>Address:<\/p><p>In the new Stahlhof<\/p><p>Breite Strasse 69<\/p><p>40213 D\u00fcsseldorf<\/p><h2 data-path-to-node=\"6\">Contact us<\/h2><p>Phone: 0211 54 55 66 46<\/p><p>Fax: 0211 54 55 66 49<\/p><p>E-mail: praxis@kardio.pro<\/p><h2 data-path-to-node=\"8\">Job title and professional regulations<\/h2><div class=\"horizontal-scroll-wrapper\"><table data-path-to-node=\"9\"><thead><tr><td><strong>Detail<\/strong><\/td><td><strong>Specification<\/strong><\/td><\/tr><\/thead><tbody><tr><td><span data-path-to-node=\"9,1,0,0\"><b>Job title:<\/b><\/span><\/td><td><span data-path-to-node=\"9,1,1,0\">Doctor, specialist in internal medicine and cardiology<\/span><\/td><\/tr><tr><td><span data-path-to-node=\"9,2,0,0\"><b>Competent chamber:<\/b><\/span><\/td><td><span data-path-to-node=\"9,2,1,0\">North Rhine Medical Association<\/span><\/td><\/tr><tr><td><span data-path-to-node=\"9,3,0,0\"><b>Professional title awarded in:<\/b><\/span><\/td><td><span data-path-to-node=\"9,3,1,0\">North Rhine-Westphalia (Germany)<\/span><\/td><\/tr><tr><td><span data-path-to-node=\"9,4,0,0\"><b>Regulations:<\/b><\/span><\/td><td><span data-path-to-node=\"9,4,1,0\">The currently applicable professional code of conduct for doctors in North Rhine-Westphalia and all other statutory provisions apply.<\/span><\/td><\/tr><tr><td><span data-path-to-node=\"9,5,0,0\"><b>Regulations can be viewed at:<\/b><\/span><\/td><td><span data-path-to-node=\"9,5,1,0\"><a class=\"ng-star-inserted\" href=\"https:\/\/www.aekno.de\/aerzte\/berufsordnung\" target=\"_blank\" rel=\"noopener\">https:\/\/www.aekno.de\/aerzte\/berufsordnung<\/a><\/span><\/td><\/tr><\/tbody><\/table><\/div><h2 data-path-to-node=\"10\">Supervisory authority<\/h2><p>North Rhine Medical Association<\/p><p>Tersteegenstr. 9<\/p><p>40474 D\u00fcsseldorf<\/p><p>Tel: 0211 4 30 20<\/p><p>Fax: 0211 4302 2009<\/p><p>E-mail: aerztekammer@aekno.de<\/p><p>Website: https:\/\/www.aekno.de<\/p><h2 data-path-to-node=\"12\">Information on professional liability insurance<\/h2><p>Name and registered office of the insurer:<\/p><p>Ergo Versicherungs AG D\u00fcsseldorf, ERGO-Platz 1, 40477 D\u00fcsseldorf, Germany<\/p><h2 data-path-to-node=\"15\">Legal information<\/h2><h3 data-path-to-node=\"16\">Consumer dispute resolution\/universal arbitration board<\/h3><p data-path-to-node=\"17\">We are not willing or obliged to participate in dispute resolution proceedings before a consumer arbitration board.<\/p><h3 data-path-to-node=\"18\">Liability for content<\/h3><p data-path-to-node=\"19\">As a service provider, we are responsible according to <span class=\"math-inline\" data-math=\"\\S\">$\\S$<\/span> 7 Abs. 1 TMG for own contents on these pages according to the general laws. According to <span class=\"math-inline\" data-math=\"\\S\\S\">$\\S\\S$<\/span> However, in accordance with \u00a7\u00a7 8 to 10 TMG, we as a service provider are not obliged to monitor transmitted or stored third-party information. Obligations to remove or block the use of information in accordance with general legislation remain unaffected by this.<\/p><h3 data-path-to-node=\"20\">Liability for links<\/h3><p data-path-to-node=\"21\">Our website contains links to external third-party websites. We cannot accept any liability for this third-party content, as the respective provider or operator of the pages is always responsible. Permanent monitoring of content is not reasonable without concrete evidence of an infringement. If we become aware of any legal infringements, we will remove such links immediately.<\/p><h3 data-path-to-node=\"22\">Copyright<\/h3><p data-path-to-node=\"23\">The content and works created by the site operators on these pages are subject to German copyright law. Duplication, processing, distribution and any form of commercialization of such material beyond the scope of the copyright law shall require the prior written consent of its respective author or creator.<\/p><h2 data-path-to-node=\"24\">Picture credits<\/h2><ul data-path-to-node=\"25\"><li><p data-path-to-node=\"25,1,0\">Practice pictures: Georg Lukas<\/p><\/li><li><p data-path-to-node=\"25,2,0\">Further images: Andreas Endermann<\/p><\/li><\/ul><\/div>\t\t\t\t\t\t\t\t<\/div>\n\t\t\t\t\t<\/div>\n\t\t<\/div>\n\t\t\t\t\t<\/div>\n\t\t<\/section>\n\t\t\t\t\t<\/div>\n\t\t<\/div>\n\t\t\t\t\t<\/div>\n\t\t<\/section>\n\t\t\t\t<\/div>","protected":false},"excerpt":{"rendered":"<p>Kardio.pro Impressum Angaben zum Diensteanbieter Praxisname: KardioPro Inhaber und Verantwortlicher: PD Dr. med. Raphael R. Bruno T\u00e4tigkeitsbereich: Privat\u00e4rztliche Praxis f\u00fcr Kardiologie, Innere Medizin, Sportmedizin und Sportkardiologie Adresse: Im Neuen Stahlhof Breite Stra\u00dfe 69 40213 D\u00fcsseldorf Kontakt Telefon: 0211 54 55 66 46 Telefax: 0211 54 55 66 49 E-Mail: praxis@kardio.pro Berufsbezeichnung und berufsrechtliche Regelungen Detail [&hellip;]<\/p>","protected":false},"author":2,"featured_media":2880,"parent":0,"menu_order":0,"comment_status":"closed","ping_status":"closed","template":"","meta":{"footnotes":""},"class_list":["post-1516","page","type-page","status-publish","has-post-thumbnail","hentry"],"aioseo_notices":[],"_links":{"self":[{"href":"https:\/\/kardio.pro\/en\/wp-json\/wp\/v2\/pages\/1516","targetHints":{"allow":["GET"]}}],"collection":[{"href":"https:\/\/kardio.pro\/en\/wp-json\/wp\/v2\/pages"}],"about":[{"href":"https:\/\/kardio.pro\/en\/wp-json\/wp\/v2\/types\/page"}],"author":[{"embeddable":true,"href":"https:\/\/kardio.pro\/en\/wp-json\/wp\/v2\/users\/2"}],"replies":[{"embeddable":true,"href":"https:\/\/kardio.pro\/en\/wp-json\/wp\/v2\/comments?post=1516"}],"version-history":[{"count":16,"href":"https:\/\/kardio.pro\/en\/wp-json\/wp\/v2\/pages\/1516\/revisions"}],"predecessor-version":[{"id":4066,"href":"https:\/\/kardio.pro\/en\/wp-json\/wp\/v2\/pages\/1516\/revisions\/4066"}],"wp:featuredmedia":[{"embeddable":true,"href":"https:\/\/kardio.pro\/en\/wp-json\/wp\/v2\/media\/2880"}],"wp:attachment":[{"href":"https:\/\/kardio.pro\/en\/wp-json\/wp\/v2\/media?parent=1516"}],"curies":[{"name":"wp","href":"https:\/\/api.w.org\/{rel}","templated":true}]}}