{"id":1530,"date":"2025-12-03T12:20:32","date_gmt":"2025-12-03T12:20:32","guid":{"rendered":"https:\/\/kardio.pro\/?page_id=1530"},"modified":"2025-12-30T12:54:34","modified_gmt":"2025-12-30T12:54:34","slug":"data-protection-declaration","status":"publish","type":"page","link":"https:\/\/kardio.pro\/en\/data-protection-declaration\/","title":{"rendered":"Privacy policy"},"content":{"rendered":"<div data-elementor-type=\"wp-page\" data-elementor-id=\"1530\" class=\"elementor elementor-1530\" data-elementor-post-type=\"page\">\n\t\t\t\t\t\t<section class=\"elementor-section elementor-top-section elementor-element elementor-element-16fbc9f7 elementor-section-boxed elementor-section-height-default elementor-section-height-default\" data-id=\"16fbc9f7\" data-element_type=\"section\" data-settings=\"{&quot;background_background&quot;:&quot;classic&quot;}\">\n\t\t\t\t\t\t\t<div class=\"elementor-background-overlay\"><\/div>\n\t\t\t\t\t\t\t<div class=\"elementor-container elementor-column-gap-default\">\n\t\t\t\t\t<div class=\"elementor-column elementor-col-100 elementor-top-column elementor-element elementor-element-398712fa\" data-id=\"398712fa\" data-element_type=\"column\">\n\t\t\t<div class=\"elementor-widget-wrap elementor-element-populated\">\n\t\t\t\t\t\t<section class=\"elementor-section elementor-inner-section elementor-element elementor-element-3ac9e257 elementor-section-boxed elementor-section-height-default elementor-section-height-default\" data-id=\"3ac9e257\" data-element_type=\"section\">\n\t\t\t\t\t\t<div class=\"elementor-container elementor-column-gap-default\">\n\t\t\t\t\t<div class=\"elementor-column elementor-col-100 elementor-inner-column elementor-element elementor-element-73a270ad\" data-id=\"73a270ad\" data-element_type=\"column\">\n\t\t\t<div class=\"elementor-widget-wrap elementor-element-populated\">\n\t\t\t\t\t\t<div class=\"elementor-element elementor-element-4c5ce320 elementor-invisible elementor-widget elementor-widget-heading\" data-id=\"4c5ce320\" data-element_type=\"widget\" data-settings=\"{&quot;_animation&quot;:&quot;fadeInUp&quot;}\" data-widget_type=\"heading.default\">\n\t\t\t\t\t<h6 class=\"elementor-heading-title elementor-size-default\">Cardio.pro<\/h6>\t\t\t\t<\/div>\n\t\t\t\t<div class=\"elementor-element elementor-element-544d116e elementor-invisible elementor-widget elementor-widget-heading\" data-id=\"544d116e\" data-element_type=\"widget\" data-settings=\"{&quot;_animation&quot;:&quot;fadeInUp&quot;,&quot;_animation_delay&quot;:200}\" data-widget_type=\"heading.default\">\n\t\t\t\t\t<h1 class=\"elementor-heading-title elementor-size-default\">Privacy policy<\/h1>\t\t\t\t<\/div>\n\t\t\t\t\t<\/div>\n\t\t<\/div>\n\t\t\t\t\t<\/div>\n\t\t<\/section>\n\t\t\t\t\t<\/div>\n\t\t<\/div>\n\t\t\t\t\t<\/div>\n\t\t<\/section>\n\t\t\t\t<section class=\"elementor-section elementor-top-section elementor-element elementor-element-572f2619 elementor-section-boxed elementor-section-height-default elementor-section-height-default\" data-id=\"572f2619\" data-element_type=\"section\" data-settings=\"{&quot;background_background&quot;:&quot;classic&quot;}\">\n\t\t\t\t\t\t<div class=\"elementor-container elementor-column-gap-default\">\n\t\t\t\t\t<div class=\"elementor-column elementor-col-100 elementor-top-column elementor-element elementor-element-507e42bf elementor-invisible\" data-id=\"507e42bf\" data-element_type=\"column\" data-settings=\"{&quot;background_background&quot;:&quot;classic&quot;,&quot;animation&quot;:&quot;zoomIn&quot;}\">\n\t\t\t<div class=\"elementor-widget-wrap elementor-element-populated\">\n\t\t\t\t\t\t<section class=\"elementor-section elementor-inner-section elementor-element elementor-element-69678b98 elementor-section-boxed elementor-section-height-default elementor-section-height-default\" data-id=\"69678b98\" data-element_type=\"section\">\n\t\t\t\t\t\t<div class=\"elementor-container elementor-column-gap-default\">\n\t\t\t\t\t<div class=\"elementor-column elementor-col-100 elementor-inner-column elementor-element elementor-element-206b128\" data-id=\"206b128\" data-element_type=\"column\">\n\t\t\t<div class=\"elementor-widget-wrap elementor-element-populated\">\n\t\t\t\t\t\t<div class=\"elementor-element elementor-element-36493a8 elementor-widget elementor-widget-text-editor\" data-id=\"36493a8\" data-element_type=\"widget\" data-widget_type=\"text-editor.default\">\n\t\t\t\t\t\t\t\t\t<div id=\"model-response-message-contentr_256da695ae3429c8\" class=\"markdown markdown-main-panel stronger enable-updated-hr-color\" dir=\"ltr\" aria-live=\"polite\" aria-busy=\"false\"><div id=\"model-response-message-contentr_0b8e4f571f74aa20\" class=\"markdown markdown-main-panel stronger enable-updated-hr-color\" dir=\"ltr\" aria-live=\"polite\" aria-busy=\"false\"><h2 data-path-to-node=\"3\">1. data protection at a glance<\/h2><h3 data-path-to-node=\"4\">General information<\/h3><p data-path-to-node=\"5\">The operators of this website take the protection of your personal data very seriously. Personal data is all data with which you can be personally identified. We treat your data confidentially and in accordance with the statutory data protection regulations (in particular the GDPR) and this privacy policy.<\/p><h3 data-path-to-node=\"6\">Data collection on this website<\/h3><ul data-path-to-node=\"7\"><li><p data-path-to-node=\"7,0,0\"><b>Elevation:<\/b> Data is either communicated directly by you (e.g. via the contact form) or collected automatically by our IT systems when you visit the website (e.g. browser, time of page view).<\/p><\/li><li><p data-path-to-node=\"7,1,0\"><b>Purpose:<\/b> The data collection serves the error-free provision of the website and the statistical analysis of user behavior to optimize our offer.<\/p><\/li><li><p data-path-to-node=\"7,2,0\"><b>Rights:<\/b> You have the right to free information, correction, deletion or restriction of the processing of your data at any time. You also have the right to lodge a complaint with the competent supervisory authority.<\/p><\/li><\/ul><h2 data-path-to-node=\"8\">2 General notes and mandatory information<\/h2><h3 data-path-to-node=\"9\">Responsible body for data processing<\/h3><p data-path-to-node=\"10\">The controller responsible for data processing on this website is:<\/p><p>KardioPro - Specialist practice for internal medicine &amp; cardiology<\/p><p>PD Dr. med. Raphael R. Bruno<\/p><p>Breite Strasse 69<\/p><p>40213 D\u00fcsseldorf<\/p><p>Phone: 0211 54 55 66 46<\/p><p>E-mail: praxis@kardio.pro<\/p><h3 data-path-to-node=\"13\">Data Protection Officer<\/h3><p data-path-to-node=\"14\">We are not obliged to appoint a data protection officer.<\/p><h3 data-path-to-node=\"15\">Data transmission security and encryption<\/h3><p data-path-to-node=\"16\">We would like to point out that data transmission over the Internet (e.g. when communicating by email) may be subject to security vulnerabilities. Complete protection of data against access by third parties is not possible. For security reasons and to protect the transmission of confidential content, this site uses a <b>SSL or TLS encryption<\/b>. You can recognize an encrypted connection by the fact that the address line of the browser changes from \u201ehttp:\/\/\u201c to \u201ehttps:\/\/\u201c.<\/p><h3 data-path-to-node=\"17\">Revocation of your consent to data processing<\/h3><p data-path-to-node=\"18\">Many data processing operations are only possible with your express consent. You can revoke any consent you have already given for data processing (Art. 6 para. 1 lit. a GDPR) at any time. All you need to do is send us an informal email. The legality of the data processing carried out until the revocation remains unaffected by the revocation.<\/p><h3 data-path-to-node=\"19\">Right to object to the collection of data (Art. 21 GDPR)<\/h3><p data-path-to-node=\"20\">If the data processing is carried out on the basis of Art. 6 para. 1 lit. e or f GDPR, you have the right to object to the processing of your personal data at any time for reasons arising from your particular situation. This also applies to profiling. If your personal data is processed for the purpose of direct marketing, you have the right to object at any time to the processing for the purpose of such marketing.<\/p><h3 data-path-to-node=\"21\">Information, deletion, correction and restriction<\/h3><p data-path-to-node=\"22\">Within the framework of the applicable legal provisions, you have the right at any time to <b>Free information<\/b> about your stored personal data, its origin and recipient and the purpose of the data processing. You also have the right to <b>Correction<\/b> or <b>Deletion<\/b> of this data and the right to <b>Restriction of processing<\/b> under certain conditions.<\/p><h2 data-path-to-node=\"23\">3. hosting and data collection on this website<\/h2><h3 data-path-to-node=\"24\">External hosting<\/h3><p data-path-to-node=\"25\">This website will be displayed on a <b>external service provider (hoster)<\/b> hosted. The personal data collected on this website is stored on the hoster's servers. The host is used for the purpose of contract fulfillment and in the interest of secure, fast and efficient provision of our online offer (Art. 6 para. 1 lit. b and f GDPR).<\/p><h3 data-path-to-node=\"26\">Cookies<\/h3><p data-path-to-node=\"27\">Our Internet pages use <b>Cookies<\/b>. These small text files are used to <b>technically error-free and optimized provision<\/b> of the services (Art. 6 para. 1 lit. f GDPR). You can set your browser so that you are informed about the setting of cookies and only allow them in individual cases.<\/p><h3 data-path-to-node=\"28\">Contact form, e-mail and telephone inquiries<\/h3><p data-path-to-node=\"29\">If you contact us via the contact form or by e-mail\/telephone, your details will be used to <b>Processing your request<\/b> stored and processed. Processing is carried out on the basis of Art. 6 para. 1 lit. b GDPR (contractual\/pre-contractual measures) or Art. 6 para. 1 lit. f GDPR (our legitimate interest in the effective processing of inquiries). Mandatory statutory retention periods remain unaffected.<\/p><h2 data-path-to-node=\"30\">4. analysis tools and tools from third-party providers<\/h2><h3 data-path-to-node=\"31\">Google Analytics<\/h3><p data-path-to-node=\"32\">This website uses functions of the web analysis service <b>Google Analytics<\/b> (Provider: Google Ireland Limited). We use cookies and have the <b>IP anonymization<\/b> which shortens your IP address within the EU before it is transmitted to Google servers in the USA. We have concluded an order processing contract with Google. The storage period for user and event data is generally 14 months.<\/p><h3 data-path-to-node=\"33\">YouTube and Vimeo (video plugins)<\/h3><p data-path-to-node=\"34\">This website contains videos of <b>YouTube<\/b> and <b>Vimeo<\/b> integrated. We use YouTube in the <b>extended data protection mode<\/b>, to minimize the storage of information about visitors before they watch the videos. They are used in the interest of an appealing presentation of our online offer.<\/p><h3 data-path-to-node=\"35\">Google Maps (with consent)<\/h3><p data-path-to-node=\"36\">To ensure data protection on this website, Google Maps is deactivated by default. A direct connection to Google's servers will only be established if you activate Google Maps yourself (consent after <b>Art. 6 para. 1 lit. a GDPR<\/b>).<\/p><h3 data-path-to-node=\"37\">Google Web Fonts<\/h3><p data-path-to-node=\"38\">We use <b>Google Web Fonts<\/b> for the uniform representation of fonts. The fonts are <b>installed locally<\/b>, so that there is no connection to Google's servers and no personal data is transferred.<\/p><\/div><\/div>\t\t\t\t\t\t\t\t<\/div>\n\t\t\t\t\t<\/div>\n\t\t<\/div>\n\t\t\t\t\t<\/div>\n\t\t<\/section>\n\t\t\t\t\t<\/div>\n\t\t<\/div>\n\t\t\t\t\t<\/div>\n\t\t<\/section>\n\t\t\t\t<\/div>","protected":false},"excerpt":{"rendered":"<p>Kardio.pro Datenschutzerkl\u00e4rung 1. Datenschutz auf einen Blick Allgemeine Hinweise Die Betreiber dieser Website nehmen den Schutz Ihrer pers\u00f6nlichen Daten sehr ernst. Personenbezogene Daten sind alle Daten, mit denen Sie pers\u00f6nlich identifiziert werden k\u00f6nnen. Wir behandeln Ihre Daten vertraulich und entsprechend der gesetzlichen Datenschutzvorschriften (insbesondere der DSGVO) sowie dieser Datenschutzerkl\u00e4rung. Datenerfassung auf dieser Website Erhebung: Daten [&hellip;]<\/p>","protected":false},"author":2,"featured_media":2882,"parent":0,"menu_order":0,"comment_status":"closed","ping_status":"closed","template":"","meta":{"footnotes":""},"class_list":["post-1530","page","type-page","status-publish","has-post-thumbnail","hentry"],"aioseo_notices":[],"_links":{"self":[{"href":"https:\/\/kardio.pro\/en\/wp-json\/wp\/v2\/pages\/1530","targetHints":{"allow":["GET"]}}],"collection":[{"href":"https:\/\/kardio.pro\/en\/wp-json\/wp\/v2\/pages"}],"about":[{"href":"https:\/\/kardio.pro\/en\/wp-json\/wp\/v2\/types\/page"}],"author":[{"embeddable":true,"href":"https:\/\/kardio.pro\/en\/wp-json\/wp\/v2\/users\/2"}],"replies":[{"embeddable":true,"href":"https:\/\/kardio.pro\/en\/wp-json\/wp\/v2\/comments?post=1530"}],"version-history":[{"count":4,"href":"https:\/\/kardio.pro\/en\/wp-json\/wp\/v2\/pages\/1530\/revisions"}],"predecessor-version":[{"id":1534,"href":"https:\/\/kardio.pro\/en\/wp-json\/wp\/v2\/pages\/1530\/revisions\/1534"}],"wp:featuredmedia":[{"embeddable":true,"href":"https:\/\/kardio.pro\/en\/wp-json\/wp\/v2\/media\/2882"}],"wp:attachment":[{"href":"https:\/\/kardio.pro\/en\/wp-json\/wp\/v2\/media?parent=1530"}],"curies":[{"name":"wp","href":"https:\/\/api.w.org\/{rel}","templated":true}]}}