{"id":1516,"date":"2025-12-03T12:15:14","date_gmt":"2025-12-03T12:15:14","guid":{"rendered":"https:\/\/kardio.pro\/?page_id=1516"},"modified":"2026-01-17T13:28:11","modified_gmt":"2026-01-17T13:28:11","slug":"%e6%ae%8b%e5%83%8f","status":"publish","type":"page","link":"https:\/\/kardio.pro\/ja\/%e6%ae%8b%e5%83%8f\/","title":{"rendered":"\u30a4\u30f3\u30d7\u30ea\u30f3\u30c8"},"content":{"rendered":"<div data-elementor-type=\"wp-page\" data-elementor-id=\"1516\" class=\"elementor elementor-1516\" data-elementor-post-type=\"page\">\n\t\t\t\t\t\t<section class=\"elementor-section elementor-top-section elementor-element elementor-element-16fbc9f7 elementor-section-boxed elementor-section-height-default elementor-section-height-default\" data-id=\"16fbc9f7\" data-element_type=\"section\" data-settings=\"{&quot;background_background&quot;:&quot;classic&quot;}\">\n\t\t\t\t\t\t\t<div class=\"elementor-background-overlay\"><\/div>\n\t\t\t\t\t\t\t<div class=\"elementor-container elementor-column-gap-default\">\n\t\t\t\t\t<div class=\"elementor-column elementor-col-100 elementor-top-column elementor-element elementor-element-398712fa\" data-id=\"398712fa\" data-element_type=\"column\">\n\t\t\t<div class=\"elementor-widget-wrap elementor-element-populated\">\n\t\t\t\t\t\t<section class=\"elementor-section elementor-inner-section elementor-element elementor-element-3ac9e257 elementor-section-boxed elementor-section-height-default elementor-section-height-default\" data-id=\"3ac9e257\" data-element_type=\"section\">\n\t\t\t\t\t\t<div class=\"elementor-container elementor-column-gap-default\">\n\t\t\t\t\t<div class=\"elementor-column elementor-col-100 elementor-inner-column elementor-element elementor-element-73a270ad\" data-id=\"73a270ad\" data-element_type=\"column\">\n\t\t\t<div class=\"elementor-widget-wrap elementor-element-populated\">\n\t\t\t\t\t\t<div class=\"elementor-element elementor-element-4c5ce320 elementor-invisible elementor-widget elementor-widget-heading\" data-id=\"4c5ce320\" data-element_type=\"widget\" data-settings=\"{&quot;_animation&quot;:&quot;fadeInUp&quot;}\" data-widget_type=\"heading.default\">\n\t\t\t\t\t<h6 class=\"elementor-heading-title elementor-size-default\">\u30ab\u30fc\u30c7\u30a3\u30aa\u30fb\u30d7\u30ed<\/h6>\t\t\t\t<\/div>\n\t\t\t\t<div class=\"elementor-element elementor-element-544d116e elementor-invisible elementor-widget elementor-widget-heading\" data-id=\"544d116e\" data-element_type=\"widget\" data-settings=\"{&quot;_animation&quot;:&quot;fadeInUp&quot;,&quot;_animation_delay&quot;:200}\" data-widget_type=\"heading.default\">\n\t\t\t\t\t<h1 class=\"elementor-heading-title elementor-size-default\">\u30a4\u30f3\u30d7\u30ea\u30f3\u30c8<\/h1>\t\t\t\t<\/div>\n\t\t\t\t\t<\/div>\n\t\t<\/div>\n\t\t\t\t\t<\/div>\n\t\t<\/section>\n\t\t\t\t\t<\/div>\n\t\t<\/div>\n\t\t\t\t\t<\/div>\n\t\t<\/section>\n\t\t\t\t<section class=\"elementor-section elementor-top-section elementor-element elementor-element-572f2619 elementor-section-boxed elementor-section-height-default elementor-section-height-default\" data-id=\"572f2619\" data-element_type=\"section\" data-settings=\"{&quot;background_background&quot;:&quot;classic&quot;}\">\n\t\t\t\t\t\t<div class=\"elementor-container elementor-column-gap-default\">\n\t\t\t\t\t<div class=\"elementor-column elementor-col-100 elementor-top-column elementor-element elementor-element-507e42bf elementor-invisible\" data-id=\"507e42bf\" data-element_type=\"column\" data-settings=\"{&quot;background_background&quot;:&quot;classic&quot;,&quot;animation&quot;:&quot;zoomIn&quot;}\">\n\t\t\t<div class=\"elementor-widget-wrap elementor-element-populated\">\n\t\t\t\t\t\t<section class=\"elementor-section elementor-inner-section elementor-element elementor-element-69678b98 elementor-section-boxed elementor-section-height-default elementor-section-height-default\" data-id=\"69678b98\" data-element_type=\"section\">\n\t\t\t\t\t\t<div class=\"elementor-container elementor-column-gap-default\">\n\t\t\t\t\t<div class=\"elementor-column elementor-col-100 elementor-inner-column elementor-element elementor-element-206b128\" data-id=\"206b128\" data-element_type=\"column\">\n\t\t\t<div class=\"elementor-widget-wrap elementor-element-populated\">\n\t\t\t\t\t\t<div class=\"elementor-element elementor-element-36493a8 elementor-widget elementor-widget-text-editor\" data-id=\"36493a8\" data-element_type=\"widget\" data-widget_type=\"text-editor.default\">\n\t\t\t\t\t\t\t\t\t<div id=\"model-response-message-contentr_256da695ae3429c8\" class=\"markdown markdown-main-panel stronger enable-updated-hr-color\" dir=\"ltr\" aria-live=\"polite\" aria-busy=\"false\"><h2 data-path-to-node=\"3\">\u30b5\u30fc\u30d3\u30b9\u63d0\u4f9b\u8005\u306e\u8a73\u7d30<\/h2><p>\u4e8b\u696d\u6240\u540d\uff1a \u30ab\u30eb\u30c7\u30a3\u30aa\u30fb\u30d7\u30ed<\/p><p>\u30aa\u30fc\u30ca\u30fc\u517c\u8cac\u4efb\u8005\uff1aPD \u30e9\u30d5\u30a1\u30a8\u30eb\u30fbR\u30fb\u30d6\u30eb\u30fc\u30ce\u535a\u58eb<\/p><p>\u6d3b\u52d5\u5206\u91ce\uff1a\u5faa\u74b0\u5668\u5185\u79d1\u3001\u5185\u79d1\u3001\u30b9\u30dd\u30fc\u30c4\u533b\u5b66\u3001\u30b9\u30dd\u30fc\u30c4\u5fc3\u81d3\u5b66\u306e\u500b\u4eba\u8a3a\u7642\u6240<\/p><p>\u4f4f\u6240<\/p><p>\u65b0\u3057\u3044\u30b7\u30e5\u30bf\u30fc\u30eb\u30db\u30fc\u30d5<\/p><p>\u30d6\u30e9\u30a4\u30c8\u901a\u308a69<\/p><p>40213 \u30c7\u30e5\u30c3\u30bb\u30eb\u30c9\u30eb\u30d5<\/p><h2 data-path-to-node=\"6\">\u304a\u554f\u3044\u5408\u308f\u305b<\/h2><p>\u96fb\u8a71\uff1a0211 54 55 66 46<\/p><p>\u30d5\u30a1\u30c3\u30af\u30b9\uff1a0211 54 55 66 49<\/p><p>E\u30e1\u30fc\u30eb\uff1apraxis@kardio.pro<\/p><h2 data-path-to-node=\"8\">\u8077\u7a2e\u3068\u8077\u52d9\u898f\u5b9a<\/h2><div class=\"horizontal-scroll-wrapper\"><table data-path-to-node=\"9\"><thead><tr><td><strong>\u8a73\u7d30<\/strong><\/td><td><strong>\u4ed5\u69d8<\/strong><\/td><\/tr><\/thead><tbody><tr><td><span data-path-to-node=\"9,1,0,0\"><b>\u5f79\u8077\u540d<\/b><\/span><\/td><td><span data-path-to-node=\"9,1,1,0\">\u533b\u5e2b\u3001\u5185\u79d1\u30fb\u5faa\u74b0\u5668\u79d1\u5c02\u9580\u533b<\/span><\/td><\/tr><tr><td><span data-path-to-node=\"9,2,0,0\"><b>\u6709\u80fd\u306a\u4f1a\u8b70\u5ba4<\/b><\/span><\/td><td><span data-path-to-node=\"9,2,1,0\">\u30ce\u30eb\u30c8\u30e9\u30a4\u30f3\u533b\u5e2b\u4f1a<\/span><\/td><\/tr><tr><td><span data-path-to-node=\"9,3,0,0\"><b>\u30d7\u30ed\u30d5\u30a7\u30c3\u30b7\u30e7\u30ca\u30eb\u30fb\u30bf\u30a4\u30c8\u30eb\u6388\u4e0e<\/b><\/span><\/td><td><span data-path-to-node=\"9,3,1,0\">\u30ce\u30eb\u30c8\u30e9\u30a4\u30f3\uff1d\u30f4\u30a7\u30b9\u30c8\u30d5\u30a1\u30fc\u30ec\u30f3\uff08\u30c9\u30a4\u30c4\uff09<\/span><\/td><\/tr><tr><td><span data-path-to-node=\"9,4,0,0\"><b>\u898f\u5247\u304c\u3042\u308b\uff1a<\/b><\/span><\/td><td><span data-path-to-node=\"9,4,1,0\">\u30ce\u30eb\u30c8\u30e9\u30a4\u30f3\uff1d\u30f4\u30a7\u30b9\u30c8\u30d5\u30a1\u30fc\u30ec\u30f3\u5dde\u306b\u304a\u3044\u3066\u73fe\u5728\u9069\u7528\u3055\u308c\u3066\u3044\u308b\u533b\u5e2b\u306e\u8077\u696d\u884c\u52d5\u898f\u7bc4\u304a\u3088\u3073\u305d\u306e\u4ed6\u3059\u3079\u3066\u306e\u6cd5\u7684\u898f\u5b9a\u304c\u9069\u7528\u3055\u308c\u307e\u3059\u3002.<\/span><\/td><\/tr><tr><td><span data-path-to-node=\"9,5,0,0\"><b>\u30ec\u30ae\u30e5\u30ec\u30fc\u30b7\u30e7\u30f3\u306f\u4ee5\u4e0b\u3067\u95b2\u89a7\u3067\u304d\u308b\uff1a<\/b><\/span><\/td><td><span data-path-to-node=\"9,5,1,0\"><a class=\"ng-star-inserted\" href=\"https:\/\/www.aekno.de\/aerzte\/berufsordnung\" target=\"_blank\" rel=\"noopener\">https:\/\/www.aekno.de\/aerzte\/berufsordnung<\/a><\/span><\/td><\/tr><\/tbody><\/table><\/div><h2 data-path-to-node=\"10\">\u76e3\u7763\u5b98\u5e81<\/h2><p>\u30ce\u30eb\u30c8\u30e9\u30a4\u30f3\u533b\u5e2b\u4f1a<\/p><p>\u30c6\u30eb\u30b9\u30c6\u30fc\u30b2\u30f3\u901a\u308a9<\/p><p>40474 \u30c7\u30e5\u30c3\u30bb\u30eb\u30c9\u30eb\u30d5<\/p><p>\u96fb\u8a71\uff1a0211 4 30 20<\/p><p>\u30d5\u30a1\u30c3\u30af\u30b9\uff1a0211 4302 2009<\/p><p>E\u30e1\u30fc\u30eb\uff1aaerztekammer@aekno.de<\/p><p>\u30a6\u30a7\u30d6\u30b5\u30a4\u30c8\uff1ahttps:\/\/www.aekno.de<\/p><h2 data-path-to-node=\"12\">\u8077\u696d\u8ce0\u511f\u4fdd\u967a\u306b\u95a2\u3059\u308b\u60c5\u5831<\/h2><p>\u4fdd\u967a\u4f1a\u793e\u306e\u540d\u79f0\u304a\u3088\u3073\u767b\u9332\u4e8b\u52d9\u6240<\/p><p>Ergo Versicherungs AG D\u00fcsseldorf, ERGO-Platz 1, 40477 D\u00fcsseldorf, \u30c9\u30a4\u30c4<\/p><h2 data-path-to-node=\"15\">\u6cd5\u7684\u60c5\u5831<\/h2><h3 data-path-to-node=\"16\">\u6d88\u8cbb\u8005\u7d1b\u4e89\u89e3\u6c7a\uff0f\u7dcf\u5408\u4ef2\u88c1\u30bb\u30f3\u30bf\u30fc<\/h3><p data-path-to-node=\"17\">\u5f53\u793e\u306f\u3001\u6d88\u8cbb\u8005\u4ef2\u88c1\u59d4\u54e1\u4f1a\u306e\u7d1b\u4e89\u89e3\u6c7a\u624b\u7d9a\u304d\u306b\u53c2\u52a0\u3059\u308b\u610f\u601d\u3082\u7fa9\u52d9\u3082\u306a\u3044\u3002.<\/p><h3 data-path-to-node=\"18\">\u30b3\u30f3\u30c6\u30f3\u30c4\u306b\u5bfe\u3059\u308b\u8cac\u4efb<\/h3><p data-path-to-node=\"19\">\u30b5\u30fc\u30d3\u30b9\u30d7\u30ed\u30d0\u30a4\u30c0\u30fc\u3068\u3057\u3066\u3001\u79c1\u305f\u3061\u306f\u4ee5\u4e0b\u306e\u7fa9\u52d9\u3092\u8ca0\u3063\u3066\u3044\u307e\u3059\u3002 <span class=\"math-inline\" data-math=\"\\S\">$<\/span> 7 Abs. 1 TMG\u306b\u57fa\u3065\u304d\u3001\u4e00\u822c\u7684\u306a\u6cd5\u5f8b\u306b\u5f93\u3063\u3066\u672c\u30da\u30fc\u30b8\u306b\u63b2\u8f09\u3055\u308c\u3066\u3044\u308b\u72ec\u81ea\u306e\u30b3\u30f3\u30c6\u30f3\u30c4\u306b\u3064\u3044\u3066\u3002TMG\u306b\u57fa\u3065\u304f <span class=\"math-inline\" data-math=\"\\S\\S\">$<\/span> \u305f\u3060\u3057\u3001TMG\u7b2c8\u6761\u304b\u3089\u7b2c10\u6761\u306b\u57fa\u3065\u304d\u3001\u5f53\u793e\u306f\u30b5\u30fc\u30d3\u30b9\u63d0\u4f9b\u8005\u3068\u3057\u3066\u3001\u9001\u4fe1\u307e\u305f\u306f\u4fdd\u5b58\u3055\u308c\u305f\u7b2c\u4e09\u8005\u306e\u60c5\u5831\u3092\u76e3\u8996\u3059\u308b\u7fa9\u52d9\u3092\u8ca0\u3044\u307e\u305b\u3093\u3002\u4e00\u822c\u7684\u306a\u6cd5\u5f8b\u306b\u5f93\u3044\u3001\u60c5\u5831\u306e\u524a\u9664\u307e\u305f\u306f\u5229\u7528\u3092\u963b\u6b62\u3059\u308b\u7fa9\u52d9\u306f\u3001\u3053\u306e\u5f71\u97ff\u3092\u53d7\u3051\u307e\u305b\u3093\u3002.<\/p><h3 data-path-to-node=\"20\">\u30ea\u30f3\u30af\u306b\u95a2\u3059\u308b\u8cac\u4efb<\/h3><p data-path-to-node=\"21\">\u5f53\u793e\u306e\u30a6\u30a7\u30d6\u30b5\u30a4\u30c8\u306b\u306f\u3001\u5916\u90e8\u306e\u7b2c\u4e09\u8005\u306e\u30a6\u30a7\u30d6\u30b5\u30a4\u30c8\u3078\u306e\u30ea\u30f3\u30af\u304c\u542b\u307e\u308c\u3066\u3044\u307e\u3059\u3002\u3053\u306e\u3088\u3046\u306a\u7b2c\u4e09\u8005\u306e\u30b3\u30f3\u30c6\u30f3\u30c4\u306b\u3064\u3044\u3066\u306f\u3001\u5404\u30da\u30fc\u30b8\u306e\u63d0\u4f9b\u8005\u307e\u305f\u306f\u904b\u55b6\u8005\u304c\u5e38\u306b\u8cac\u4efb\u3092\u8ca0\u3046\u305f\u3081\u3001\u5f53\u793e\u306f\u4e00\u5207\u306e\u8cac\u4efb\u3092\u8ca0\u3044\u304b\u306d\u307e\u3059\u3002\u30b3\u30f3\u30c6\u30f3\u30c4\u306e\u5e38\u6642\u76e3\u8996\u306f\u3001\u4fb5\u5bb3\u306e\u5177\u4f53\u7684\u8a3c\u62e0\u304c\u306a\u3044\u9650\u308a\u5408\u7406\u7684\u3067\u306f\u3042\u308a\u307e\u305b\u3093\u3002\u5f0a\u793e\u304c\u6cd5\u7684\u4fb5\u5bb3\u3092\u8a8d\u8b58\u3057\u305f\u5834\u5408\u3001\u5f0a\u793e\u306f\u305d\u306e\u3088\u3046\u306a\u30ea\u30f3\u30af\u3092\u76f4\u3061\u306b\u524a\u9664\u3057\u307e\u3059\u3002.<\/p><h3 data-path-to-node=\"22\">\u8457\u4f5c\u6a29<\/h3><p data-path-to-node=\"23\">\u672c\u30da\u30fc\u30b8\u306b\u63b2\u8f09\u3055\u308c\u3066\u3044\u308b\u30b3\u30f3\u30c6\u30f3\u30c4\u304a\u3088\u3073\u30b5\u30a4\u30c8\u904b\u55b6\u8005\u304c\u4f5c\u6210\u3057\u305f\u8457\u4f5c\u7269\u306f\u3001\u30c9\u30a4\u30c4\u306e\u8457\u4f5c\u6a29\u6cd5\u304c\u9069\u7528\u3055\u308c\u307e\u3059\u3002\u8907\u88fd\u3001\u52a0\u5de5\u3001\u9812\u5e03\u3001\u305d\u306e\u4ed6\u8457\u4f5c\u6a29\u6cd5\u306e\u7bc4\u56f2\u5916\u306e\u5229\u7528\u306b\u306f\u3001\u305d\u308c\u305e\u308c\u306e\u8457\u4f5c\u8005\u307e\u305f\u306f\u4f5c\u6210\u8005\u306e\u66f8\u9762\u306b\u3088\u308b\u540c\u610f\u304c\u5fc5\u8981\u3067\u3059\u3002.<\/p><h2 data-path-to-node=\"24\">\u5199\u771f\u30af\u30ec\u30b8\u30c3\u30c8<\/h2><ul data-path-to-node=\"25\"><li><p data-path-to-node=\"25,1,0\">\u5b9f\u7528\u7684\u306a\u5199\u771f\u30b2\u30aa\u30eb\u30af\u30fb\u30eb\u30fc\u30ab\u30b9<\/p><\/li><li><p data-path-to-node=\"25,2,0\">\u305d\u306e\u4ed6\u306e\u753b\u50cf\uff1a Andreas Endermann<\/p><\/li><\/ul><\/div>\t\t\t\t\t\t\t\t<\/div>\n\t\t\t\t\t<\/div>\n\t\t<\/div>\n\t\t\t\t\t<\/div>\n\t\t<\/section>\n\t\t\t\t\t<\/div>\n\t\t<\/div>\n\t\t\t\t\t<\/div>\n\t\t<\/section>\n\t\t\t\t<\/div>","protected":false},"excerpt":{"rendered":"<p>Kardio.pro Impressum Angaben zum Diensteanbieter Praxisname: KardioPro Inhaber und Verantwortlicher: PD Dr. med. Raphael R. Bruno T\u00e4tigkeitsbereich: Privat\u00e4rztliche Praxis f\u00fcr Kardiologie, Innere Medizin, Sportmedizin und Sportkardiologie Adresse: Im Neuen Stahlhof Breite Stra\u00dfe 69 40213 D\u00fcsseldorf Kontakt Telefon: 0211 54 55 66 46 Telefax: 0211 54 55 66 49 E-Mail: praxis@kardio.pro Berufsbezeichnung und berufsrechtliche Regelungen Detail Angabe Berufsbezeichnung: Arzt, Facharzt f\u00fcr Innere Medizin und Kardiologie Zust\u00e4ndige Kammer: \u00c4rztekammer Nordrhein Berufsbezeichnung verliehen in: Nordrhein-Westfalen (Deutschland) Regelungen: Es gelten die aktuell geltende Berufsordnung f\u00fcr die \u00c4rzte in Nordrhein sowie alle weiteren gesetzlichen Bestimmungen. Regelungen einsehbar unter: https:\/\/www.aekno.de\/aerzte\/berufsordnung Aufsichtsbeh\u00f6rde \u00c4rztekammer Nordrhein Tersteegenstr. 9 40474 D\u00fcsseldorf Tel: 0211 4 30 20 Fax: 0211 4302 2009 [&hellip;]<\/p>","protected":false},"author":2,"featured_media":2880,"parent":0,"menu_order":0,"comment_status":"closed","ping_status":"closed","template":"","meta":{"footnotes":""},"class_list":["post-1516","page","type-page","status-publish","has-post-thumbnail","hentry"],"aioseo_notices":[],"_links":{"self":[{"href":"https:\/\/kardio.pro\/ja\/wp-json\/wp\/v2\/pages\/1516","targetHints":{"allow":["GET"]}}],"collection":[{"href":"https:\/\/kardio.pro\/ja\/wp-json\/wp\/v2\/pages"}],"about":[{"href":"https:\/\/kardio.pro\/ja\/wp-json\/wp\/v2\/types\/page"}],"author":[{"embeddable":true,"href":"https:\/\/kardio.pro\/ja\/wp-json\/wp\/v2\/users\/2"}],"replies":[{"embeddable":true,"href":"https:\/\/kardio.pro\/ja\/wp-json\/wp\/v2\/comments?post=1516"}],"version-history":[{"count":16,"href":"https:\/\/kardio.pro\/ja\/wp-json\/wp\/v2\/pages\/1516\/revisions"}],"predecessor-version":[{"id":4066,"href":"https:\/\/kardio.pro\/ja\/wp-json\/wp\/v2\/pages\/1516\/revisions\/4066"}],"wp:featuredmedia":[{"embeddable":true,"href":"https:\/\/kardio.pro\/ja\/wp-json\/wp\/v2\/media\/2880"}],"wp:attachment":[{"href":"https:\/\/kardio.pro\/ja\/wp-json\/wp\/v2\/media?parent=1516"}],"curies":[{"name":"wp","href":"https:\/\/api.w.org\/{rel}","templated":true}]}}