{"id":2869,"date":"2025-12-30T12:50:53","date_gmt":"2025-12-30T12:50:53","guid":{"rendered":"https:\/\/kardio.pro\/?page_id=2869"},"modified":"2025-12-30T17:31:35","modified_gmt":"2025-12-30T17:31:35","slug":"%e7%94%a8%e8%aa%9e%e9%9b%86","status":"publish","type":"page","link":"https:\/\/kardio.pro\/ja\/%e7%94%a8%e8%aa%9e%e9%9b%86\/","title":{"rendered":"\u7528\u8a9e\u96c6"},"content":{"rendered":"<div data-elementor-type=\"wp-page\" data-elementor-id=\"2869\" class=\"elementor elementor-2869\" data-elementor-post-type=\"page\">\n\t\t\t\t\t\t<section class=\"elementor-section elementor-top-section elementor-element elementor-element-7d2d2e0d elementor-section-boxed elementor-section-height-default elementor-section-height-default\" data-id=\"7d2d2e0d\" data-element_type=\"section\" data-settings=\"{&quot;background_background&quot;:&quot;classic&quot;}\">\n\t\t\t\t\t\t\t<div class=\"elementor-background-overlay\"><\/div>\n\t\t\t\t\t\t\t<div class=\"elementor-container elementor-column-gap-default\">\n\t\t\t\t\t<div class=\"elementor-column elementor-col-100 elementor-top-column elementor-element elementor-element-5d582372\" data-id=\"5d582372\" data-element_type=\"column\">\n\t\t\t<div class=\"elementor-widget-wrap elementor-element-populated\">\n\t\t\t\t\t\t<section class=\"elementor-section elementor-inner-section elementor-element elementor-element-3653820b elementor-section-boxed elementor-section-height-default elementor-section-height-default\" data-id=\"3653820b\" data-element_type=\"section\">\n\t\t\t\t\t\t<div class=\"elementor-container elementor-column-gap-default\">\n\t\t\t\t\t<div class=\"elementor-column elementor-col-100 elementor-inner-column elementor-element elementor-element-e77f93b\" data-id=\"e77f93b\" data-element_type=\"column\">\n\t\t\t<div class=\"elementor-widget-wrap elementor-element-populated\">\n\t\t\t\t\t\t<div class=\"elementor-element elementor-element-4b50e37 elementor-invisible elementor-widget elementor-widget-heading\" data-id=\"4b50e37\" data-element_type=\"widget\" data-settings=\"{&quot;_animation&quot;:&quot;fadeInUp&quot;}\" data-widget_type=\"heading.default\">\n\t\t\t\t\t<h1 class=\"elementor-heading-title elementor-size-default\">\u5fc3\u81d3\u75c5\u5b66\u7528\u8a9e\u96c6<\/h1>\t\t\t\t<\/div>\n\t\t\t\t<div class=\"elementor-element elementor-element-4f175227 elementor-invisible elementor-widget elementor-widget-heading\" data-id=\"4f175227\" data-element_type=\"widget\" data-settings=\"{&quot;_animation&quot;:&quot;fadeInUp&quot;,&quot;_animation_delay&quot;:200}\" data-widget_type=\"heading.default\">\n\t\t\t\t\t<h4 class=\"elementor-heading-title elementor-size-default\">\u533b\u5b66\u7528\u8a9e\u306e\u5b9a\u7fa9\u3068\u89e3\u8aac<\/h4>\t\t\t\t<\/div>\n\t\t\t\t\t<\/div>\n\t\t<\/div>\n\t\t\t\t\t<\/div>\n\t\t<\/section>\n\t\t\t\t\t<\/div>\n\t\t<\/div>\n\t\t\t\t\t<\/div>\n\t\t<\/section>\n\t\t\t\t<section class=\"elementor-section elementor-top-section elementor-element elementor-element-78d13b62 elementor-section-content-middle elementor-section-boxed elementor-section-height-default elementor-section-height-default\" data-id=\"78d13b62\" data-element_type=\"section\">\n\t\t\t\t\t\t<div class=\"elementor-container elementor-column-gap-default\">\n\t\t\t\t\t<div class=\"elementor-column elementor-col-100 elementor-top-column elementor-element elementor-element-1a02ba7c elementor-invisible\" data-id=\"1a02ba7c\" data-element_type=\"column\" data-settings=\"{&quot;animation&quot;:&quot;fadeInUp&quot;,&quot;animation_delay&quot;:200}\">\n\t\t\t<div class=\"elementor-widget-wrap elementor-element-populated\">\n\t\t\t\t\t\t<div class=\"elementor-element elementor-element-bf7279c elementor-widget elementor-widget-heading\" data-id=\"bf7279c\" data-element_type=\"widget\" data-widget_type=\"heading.default\">\n\t\t\t\t\t<h3 class=\"elementor-heading-title elementor-size-default\">\u5b9a\u7fa9<\/h3>\t\t\t\t<\/div>\n\t\t\t\t<div class=\"elementor-element elementor-element-20687908 elementor-widget elementor-widget-text-editor\" data-id=\"20687908\" data-element_type=\"widget\" data-widget_type=\"text-editor.default\">\n\t\t\t\t\t\t\t\t\t<p><style>\n  .kardio-link-list {<br \/>    list-style-type: none;<br \/>    padding: 0;<br \/>    margin: 0;<br \/>  }<br \/>  .kardio-link-list li {<br \/>    margin-bottom: 8px; \/* Abstand zwischen den Zeilen *\/<br \/>  }<br \/>  .kardio-link-list a {<br \/>    color: #333333; \/* Dunkles Grau *\/<br \/>    text-decoration: none;<br \/>    transition: color 0.3s ease; \/* Weicher \u00dcbergang beim Hovern *\/<br \/>    font-family: sans-serif; \/* Standard-Schriftart *\/<br \/>  }<br \/>  .kardio-link-list a:hover {<br \/>    color: #555555; \/* Ein Ticken helleres Grau beim Hovern *\/<br \/>  }<br \/><\/style><\/p><ul class=\"kardio-link-list\"><li><a href=\"https:\/\/kardio.pro\/ja\/%e5%bf%83%e3%82%a8%e3%82%b3%e3%83%bc\/\">\u5fc3\u30a8\u30b3\u30fc\u691c\u67fb<\/a><\/li><li><a href=\"#\">\u904b\u52d5\u8ca0\u8377\u5fc3\u96fb\u56f3<\/a><\/li><li><a href=\"#\">\u5fc3\u7b4b\u708e<\/a><\/li><li><a href=\"#\">\u5fc3\u623f\u7d30\u52d5<\/a><\/li><li><a href=\"#\">\u5fc3\u4e0d\u5168<\/a><\/li><li><a href=\"#\">\u30b9\u30d4\u30ed\u30a8\u30eb\u30b4\u30e1\u30c8\u30ea\u30fc<\/a><\/li><li><a href=\"#\">\u8102\u8cea\u5b66<\/a><\/li><li><a href=\"#\">\u9ad8\u8840\u5727\u5b66<\/a><\/li><li><a href=\"#\">\u5fc3\u8840\u7ba1\u4e88\u9632<\/a><\/li><li><a href=\"#\">\u30b9\u30dd\u30fc\u30c4\u5fc3\u81d3\u75c5\u5b66<\/a><\/li><\/ul>\t\t\t\t\t\t\t\t<\/div>\n\t\t\t\t\t<\/div>\n\t\t<\/div>\n\t\t\t\t\t<\/div>\n\t\t<\/section>\n\t\t\t\t<\/div>","protected":false},"excerpt":{"rendered":"<p>Kardiologie Glossar Definitionen &amp; Erkl\u00e4rungen von medizinischen Begriffen Definitionen Echokardiographie Belastungs-EKG Herzmuskelentz\u00fcndung Vorhofflimmern Herzinsuffizienz Spiroergometrie Lipidologie Hypertensiologie Kardiovaskul\u00e4re Vorsorge Sportkardiologie<\/p>","protected":false},"author":3,"featured_media":0,"parent":0,"menu_order":0,"comment_status":"closed","ping_status":"closed","template":"","meta":{"footnotes":""},"class_list":["post-2869","page","type-page","status-publish","hentry"],"aioseo_notices":[],"_links":{"self":[{"href":"https:\/\/kardio.pro\/ja\/wp-json\/wp\/v2\/pages\/2869","targetHints":{"allow":["GET"]}}],"collection":[{"href":"https:\/\/kardio.pro\/ja\/wp-json\/wp\/v2\/pages"}],"about":[{"href":"https:\/\/kardio.pro\/ja\/wp-json\/wp\/v2\/types\/page"}],"author":[{"embeddable":true,"href":"https:\/\/kardio.pro\/ja\/wp-json\/wp\/v2\/users\/3"}],"replies":[{"embeddable":true,"href":"https:\/\/kardio.pro\/ja\/wp-json\/wp\/v2\/comments?post=2869"}],"version-history":[{"count":20,"href":"https:\/\/kardio.pro\/ja\/wp-json\/wp\/v2\/pages\/2869\/revisions"}],"predecessor-version":[{"id":3259,"href":"https:\/\/kardio.pro\/ja\/wp-json\/wp\/v2\/pages\/2869\/revisions\/3259"}],"wp:attachment":[{"href":"https:\/\/kardio.pro\/ja\/wp-json\/wp\/v2\/media?parent=2869"}],"curies":[{"name":"wp","href":"https:\/\/api.w.org\/{rel}","templated":true}]}}