{"id":2869,"date":"2025-12-30T12:50:53","date_gmt":"2025-12-30T12:50:53","guid":{"rendered":"https:\/\/kardio.pro\/?page_id=2869"},"modified":"2025-12-30T17:31:35","modified_gmt":"2025-12-30T17:31:35","slug":"%e6%9c%af%e8%af%ad%e8%a1%a8","status":"publish","type":"page","link":"https:\/\/kardio.pro\/zh\/%e6%9c%af%e8%af%ad%e8%a1%a8\/","title":{"rendered":"\u672f\u8bed\u8868"},"content":{"rendered":"<div data-elementor-type=\"wp-page\" data-elementor-id=\"2869\" class=\"elementor elementor-2869\" data-elementor-post-type=\"page\">\n\t\t\t\t\t\t<section class=\"elementor-section elementor-top-section elementor-element elementor-element-7d2d2e0d elementor-section-boxed elementor-section-height-default elementor-section-height-default\" data-id=\"7d2d2e0d\" data-element_type=\"section\" data-settings=\"{&quot;background_background&quot;:&quot;classic&quot;}\">\n\t\t\t\t\t\t\t<div class=\"elementor-background-overlay\"><\/div>\n\t\t\t\t\t\t\t<div class=\"elementor-container elementor-column-gap-default\">\n\t\t\t\t\t<div class=\"elementor-column elementor-col-100 elementor-top-column elementor-element elementor-element-5d582372\" data-id=\"5d582372\" data-element_type=\"column\">\n\t\t\t<div class=\"elementor-widget-wrap elementor-element-populated\">\n\t\t\t\t\t\t<section class=\"elementor-section elementor-inner-section elementor-element elementor-element-3653820b elementor-section-boxed elementor-section-height-default elementor-section-height-default\" data-id=\"3653820b\" data-element_type=\"section\">\n\t\t\t\t\t\t<div class=\"elementor-container elementor-column-gap-default\">\n\t\t\t\t\t<div class=\"elementor-column elementor-col-100 elementor-inner-column elementor-element elementor-element-e77f93b\" data-id=\"e77f93b\" data-element_type=\"column\">\n\t\t\t<div class=\"elementor-widget-wrap elementor-element-populated\">\n\t\t\t\t\t\t<div class=\"elementor-element elementor-element-4b50e37 elementor-invisible elementor-widget elementor-widget-heading\" data-id=\"4b50e37\" data-element_type=\"widget\" data-settings=\"{&quot;_animation&quot;:&quot;fadeInUp&quot;}\" data-widget_type=\"heading.default\">\n\t\t\t\t\t<h1 class=\"elementor-heading-title elementor-size-default\">\u5fc3\u810f\u75c5\u5b66\u672f\u8bed\u8868<\/h1>\t\t\t\t<\/div>\n\t\t\t\t<div class=\"elementor-element elementor-element-4f175227 elementor-invisible elementor-widget elementor-widget-heading\" data-id=\"4f175227\" data-element_type=\"widget\" data-settings=\"{&quot;_animation&quot;:&quot;fadeInUp&quot;,&quot;_animation_delay&quot;:200}\" data-widget_type=\"heading.default\">\n\t\t\t\t\t<h4 class=\"elementor-heading-title elementor-size-default\">\u533b\u5b66\u672f\u8bed\u7684\u5b9a\u4e49\u548c\u89e3\u91ca<\/h4>\t\t\t\t<\/div>\n\t\t\t\t\t<\/div>\n\t\t<\/div>\n\t\t\t\t\t<\/div>\n\t\t<\/section>\n\t\t\t\t\t<\/div>\n\t\t<\/div>\n\t\t\t\t\t<\/div>\n\t\t<\/section>\n\t\t\t\t<section class=\"elementor-section elementor-top-section elementor-element elementor-element-78d13b62 elementor-section-content-middle elementor-section-boxed elementor-section-height-default elementor-section-height-default\" data-id=\"78d13b62\" data-element_type=\"section\">\n\t\t\t\t\t\t<div class=\"elementor-container elementor-column-gap-default\">\n\t\t\t\t\t<div class=\"elementor-column elementor-col-100 elementor-top-column elementor-element elementor-element-1a02ba7c elementor-invisible\" data-id=\"1a02ba7c\" data-element_type=\"column\" data-settings=\"{&quot;animation&quot;:&quot;fadeInUp&quot;,&quot;animation_delay&quot;:200}\">\n\t\t\t<div class=\"elementor-widget-wrap elementor-element-populated\">\n\t\t\t\t\t\t<div class=\"elementor-element elementor-element-bf7279c elementor-widget elementor-widget-heading\" data-id=\"bf7279c\" data-element_type=\"widget\" data-widget_type=\"heading.default\">\n\t\t\t\t\t<h3 class=\"elementor-heading-title elementor-size-default\">\u5b9a\u4e49<\/h3>\t\t\t\t<\/div>\n\t\t\t\t<div class=\"elementor-element elementor-element-20687908 elementor-widget elementor-widget-text-editor\" data-id=\"20687908\" data-element_type=\"widget\" data-widget_type=\"text-editor.default\">\n\t\t\t\t\t\t\t\t\t<p><style>\n  .kardio-link-list {<br \/>    list-style-type: none;<br \/>    padding: 0;<br \/>    margin: 0;<br \/>  }<br \/>  .kardio-link-list li {<br \/>    margin-bottom: 8px; \/* Abstand zwischen den Zeilen *\/<br \/>  }<br \/>  .kardio-link-list a {<br \/>    color: #333333; \/* Dunkles Grau *\/<br \/>    text-decoration: none;<br \/>    transition: color 0.3s ease; \/* Weicher \u00dcbergang beim Hovern *\/<br \/>    font-family: sans-serif; \/* Standard-Schriftart *\/<br \/>  }<br \/>  .kardio-link-list a:hover {<br \/>    color: #555555; \/* Ein Ticken helleres Grau beim Hovern *\/<br \/>  }<br \/><\/style><\/p><ul class=\"kardio-link-list\"><li><a href=\"https:\/\/kardio.pro\/zh\/%e8%b6%85%e5%a3%b0%e5%bf%83%e5%8a%a8%e5%9b%be\/\">\u8d85\u58f0\u5fc3\u52a8\u56fe<\/a><\/li><li><a href=\"#\">\u8fd0\u52a8\u5fc3\u7535\u56fe<\/a><\/li><li><a href=\"#\">\u5fc3\u808c\u708e<\/a><\/li><li><a href=\"#\">\u5fc3\u623f\u98a4\u52a8<\/a><\/li><li><a href=\"#\">\u5fc3\u529b\u8870\u7aed<\/a><\/li><li><a href=\"#\">\u87ba\u7ebf\u6d4b\u91cf\u6cd5<\/a><\/li><li><a href=\"#\">\u8840\u8102\u5b66<\/a><\/li><li><a href=\"#\">\u9ad8\u8840\u538b\u75c5\u5b66<\/a><\/li><li><a href=\"#\">\u9884\u9632\u5fc3\u8840\u7ba1\u75be\u75c5<\/a><\/li><li><a href=\"#\">\u8fd0\u52a8\u5fc3\u810f\u75c5\u5b66<\/a><\/li><\/ul>\t\t\t\t\t\t\t\t<\/div>\n\t\t\t\t\t<\/div>\n\t\t<\/div>\n\t\t\t\t\t<\/div>\n\t\t<\/section>\n\t\t\t\t<\/div>","protected":false},"excerpt":{"rendered":"<p>Kardiologie Glossar Definitionen &amp; Erkl\u00e4rungen von medizinischen Begriffen Definitionen Echokardiographie Belastungs-EKG Herzmuskelentz\u00fcndung Vorhofflimmern Herzinsuffizienz Spiroergometrie Lipidologie Hypertensiologie Kardiovaskul\u00e4re Vorsorge Sportkardiologie<\/p>","protected":false},"author":3,"featured_media":0,"parent":0,"menu_order":0,"comment_status":"closed","ping_status":"closed","template":"","meta":{"footnotes":""},"class_list":["post-2869","page","type-page","status-publish","hentry"],"aioseo_notices":[],"_links":{"self":[{"href":"https:\/\/kardio.pro\/zh\/wp-json\/wp\/v2\/pages\/2869","targetHints":{"allow":["GET"]}}],"collection":[{"href":"https:\/\/kardio.pro\/zh\/wp-json\/wp\/v2\/pages"}],"about":[{"href":"https:\/\/kardio.pro\/zh\/wp-json\/wp\/v2\/types\/page"}],"author":[{"embeddable":true,"href":"https:\/\/kardio.pro\/zh\/wp-json\/wp\/v2\/users\/3"}],"replies":[{"embeddable":true,"href":"https:\/\/kardio.pro\/zh\/wp-json\/wp\/v2\/comments?post=2869"}],"version-history":[{"count":20,"href":"https:\/\/kardio.pro\/zh\/wp-json\/wp\/v2\/pages\/2869\/revisions"}],"predecessor-version":[{"id":3259,"href":"https:\/\/kardio.pro\/zh\/wp-json\/wp\/v2\/pages\/2869\/revisions\/3259"}],"wp:attachment":[{"href":"https:\/\/kardio.pro\/zh\/wp-json\/wp\/v2\/media?parent=2869"}],"curies":[{"name":"wp","href":"https:\/\/api.w.org\/{rel}","templated":true}]}}